{"id":7873,"date":"2025-10-16T15:43:29","date_gmt":"2025-10-16T19:43:29","guid":{"rendered":"https:\/\/careysoil.com\/?page_id=7873"},"modified":"2025-12-15T18:15:45","modified_gmt":"2025-12-15T23:15:45","slug":"realizar-pedido-ahora-2","status":"publish","type":"page","link":"https:\/\/careysoil.com\/es\/realizar-pedido-ahora-2\/","title":{"rendered":"Comprobaci\u00f3n del precio del cami\u00f3n"},"content":{"rendered":"<!--themify_builder_content-->\n<div id=\"themify_builder_content-7873\" data-postid=\"7873\" class=\"themify_builder_content themify_builder_content-7873 themify_builder tf_clear\">\n                    <div  data-lazy=\"1\" class=\"module_row themify_builder_row tb_qptj397 tb_first tf_w\">\n                        <div class=\"row_inner col_align_top tb_col_count_1 tf_box tf_rel\">\n                        <div  data-lazy=\"1\" class=\"module_column tb-column col-full tb_j50k398 first\">\n                    <!-- module text -->\n<div  class=\"module module-text tb_p7s0338   \" data-lazy=\"1\">\n        <div  class=\"tb_text_wrap\">\n        <h6 class=\"p1\" style=\"text-align: start;\">Elija ingl\u00e9s o espa\u00f1ol abajo<\/h6>    <\/div>\n<\/div>\n<!-- \/module text --><!-- module text -->\n<div  class=\"module module-text tb_onxb718   \" data-lazy=\"1\">\n        <div  class=\"tb_text_wrap\">\n        <h6 class=\"p1\" style=\"text-align: start;\"><span style=\"font-size: 22.176px; color: #fced17;\">\u00a1HOLA! Haga clic en el bot\u00f3n \u00abCAREYS\u00bb para ver los precios de hoy. <br><\/span><span style=\"font-size: 22.176px; color: #fced17;\">Si le gustan nuestros precios, puede hacer clic en un formulario de pedido y realizar un pedido directamente desde su tel\u00e9fono u otro dispositivo.<\/span><\/h6>    <\/div>\n<\/div>\n<!-- \/module text --><!-- module text -->\n<div  class=\"module module-text tb_imnm564   \" data-lazy=\"1\">\n        <div  class=\"tb_text_wrap\">\n        <h6 class=\"p1\" style=\"text-align: start;\">\u00a1HOLA! Haga clic en el bot\u00f3n \u201cCAREYS\u201d para ver los precios de hoy.<br data-start=\"216\" data-end=\"219\" data-is-only-node=\"\">Si le convencen nuestros precios, puede hacer clic en un formulario de pedido y realizar su pedido directamente desde su tel\u00e9fono u otro dispositivo.<\/h6>    <\/div>\n<\/div>\n<!-- \/module text -->        <\/div>\n                        <\/div>\n        <\/div>\n                        <div  data-lazy=\"1\" class=\"module_row themify_builder_row tb_40a8167 tf_w\">\n                        <div class=\"row_inner col_align_top tb_col_count_4 tf_box tf_rel\">\n                        <div  data-lazy=\"1\" class=\"module_column tb-column col4-1 tb_zggz167 first\">\n                    <!-- module image -->\n<div  class=\"module module-image tb_ebsw12 image-top   tf_mw\" data-lazy=\"1\">\n        <div class=\"image-wrap tf_rel tf_mw\">\n            <a href=\"https:\/\/careysoil.com\">\n                   <img loading=\"lazy\" decoding=\"async\" width=\"525\" height=\"160\" src=\"https:\/\/careysoil.com\/wp-content\/uploads\/2024\/11\/CAREYS_OIL_LOGO-3.0sm.png\" class=\"wp-post-image wp-image-6400\" title=\"CAREYS_OIL_LOGO-3.0sm\" alt=\"CAREYS_OIL_LOGO-3.0sm\" srcset=\"https:\/\/careysoil.com\/wp-content\/uploads\/2024\/11\/CAREYS_OIL_LOGO-3.0sm.png 525w, https:\/\/careysoil.com\/wp-content\/uploads\/2024\/11\/CAREYS_OIL_LOGO-3.0sm-300x91.png 300w, https:\/\/careysoil.com\/wp-content\/uploads\/2024\/11\/CAREYS_OIL_LOGO-3.0sm-308x93.png 308w\" sizes=\"auto, (max-width: 525px) 100vw, 525px\" \/>        <\/a>\n    \n        <\/div>\n    <!-- \/image-wrap -->\n    \n        <\/div>\n<!-- \/module image -->        <\/div>\n                    <div  data-lazy=\"1\" class=\"module_column tb-column col4-1 tb_8whw61\">\n                    <!-- module image -->\n<div  class=\"module module-image tb_fz25603 image-top   tf_mw\" data-lazy=\"1\">\n        <div class=\"image-wrap tf_rel tf_mw\">\n            <a href=\"https:\/\/careysoil.com\">\n                   <img loading=\"lazy\" decoding=\"async\" width=\"640\" height=\"337\" src=\"https:\/\/careysoil.com\/wp-content\/uploads\/2025\/12\/usa-31021_640.png\" class=\"wp-post-image wp-image-8010\" title=\"usa-31021_640\" alt=\"usa-31021_640\" srcset=\"https:\/\/careysoil.com\/wp-content\/uploads\/2025\/12\/usa-31021_640.png 640w, https:\/\/careysoil.com\/wp-content\/uploads\/2025\/12\/usa-31021_640-300x158.png 300w\" sizes=\"auto, (max-width: 640px) 100vw, 640px\" \/>        <\/a>\n    \n        <\/div>\n    <!-- \/image-wrap -->\n    \n        <\/div>\n<!-- \/module image -->        <\/div>\n                    <div  data-lazy=\"1\" class=\"module_column tb-column col4-1 tb_fi2v62\">\n                    <!-- module image -->\n<div  class=\"module module-image tb_a1ua963 image-top   tf_mw\" data-lazy=\"1\">\n        <div class=\"image-wrap tf_rel tf_mw\">\n            <a href=\"https:\/\/careysoil.com\/es\/\">\n                   <img loading=\"lazy\" decoding=\"async\" width=\"525\" height=\"160\" src=\"https:\/\/careysoil.com\/wp-content\/uploads\/2024\/11\/CAREYS_OIL_LOGO-3.0sm.png\" class=\"wp-post-image wp-image-6400\" title=\"CAREYS_OIL_LOGO-3.0sm\" alt=\"CAREYS_OIL_LOGO-3.0sm\" srcset=\"https:\/\/careysoil.com\/wp-content\/uploads\/2024\/11\/CAREYS_OIL_LOGO-3.0sm.png 525w, https:\/\/careysoil.com\/wp-content\/uploads\/2024\/11\/CAREYS_OIL_LOGO-3.0sm-300x91.png 300w, https:\/\/careysoil.com\/wp-content\/uploads\/2024\/11\/CAREYS_OIL_LOGO-3.0sm-308x93.png 308w\" sizes=\"auto, (max-width: 525px) 100vw, 525px\" \/>        <\/a>\n    \n        <\/div>\n    <!-- \/image-wrap -->\n    \n        <\/div>\n<!-- \/module image -->        <\/div>\n                    <div  data-lazy=\"1\" class=\"module_column tb-column col4-1 tb_u5ft62 last\">\n                    <!-- module image -->\n<div  class=\"module module-image tb_n5c5461 image-top   tf_mw\" data-lazy=\"1\">\n        <div class=\"image-wrap tf_rel tf_mw\">\n            <a href=\"https:\/\/careysoil.com\/es\/\">\n                   <img loading=\"lazy\" decoding=\"async\" width=\"640\" height=\"426\" src=\"https:\/\/careysoil.com\/wp-content\/uploads\/2025\/12\/spain-2906824_640.png\" class=\"wp-post-image wp-image-8009\" title=\"spain-2906824_640\" alt=\"spain-2906824_640\" srcset=\"https:\/\/careysoil.com\/wp-content\/uploads\/2025\/12\/spain-2906824_640.png 640w, https:\/\/careysoil.com\/wp-content\/uploads\/2025\/12\/spain-2906824_640-300x200.png 300w\" sizes=\"auto, (max-width: 640px) 100vw, 640px\" \/>        <\/a>\n    \n        <\/div>\n    <!-- \/image-wrap -->\n    \n        <\/div>\n<!-- \/module image -->        <\/div>\n                        <\/div>\n        <\/div>\n                        <div  data-lazy=\"1\" class=\"module_row themify_builder_row tb_gtyy281 tf_w\">\n                        <div class=\"row_inner col_align_top tb_col_count_4 tf_box tf_rel\">\n                        <div  data-lazy=\"1\" class=\"module_column tb-column col4-1 tb_078m282 first\">\n                            <\/div>\n                    <div  data-lazy=\"1\" class=\"module_column tb-column col4-1 tb_7d8t282\">\n                            <\/div>\n                    <div  data-lazy=\"1\" class=\"module_column tb-column col4-1 tb_zhz4282\">\n                            <\/div>\n                    <div  data-lazy=\"1\" class=\"module_column tb-column col4-1 tb_9t7s282 last\">\n                            <\/div>\n                        <\/div>\n        <\/div>\n        <\/div>\n<!--\/themify_builder_content-->","protected":false},"excerpt":{"rendered":"<p>Elija ingl\u00e9s o espa\u00f1ol abajo \u00a1HOLA! Haga clic en el bot\u00f3n \u00abCAREYS\u00bb para ver los precios de hoy. Si le gustan nuestros precios, puede hacer clic en un formulario de pedido y realizar un pedido directamente desde su tel\u00e9fono u otro dispositivo. \u00a1HOLA! Haga clic en el bot\u00f3n \u201cCAREYS\u201d para ver los precios de hoy.Si [&hellip;]<\/p>\n","protected":false},"author":3,"featured_media":0,"parent":0,"menu_order":0,"comment_status":"closed","ping_status":"closed","template":"","meta":{"footnotes":""},"class_list":["post-7873","page","type-page","status-publish","hentry","has-post-title","has-post-date","has-post-category","has-post-tag","has-post-comment","has-post-author",""],"yoast_head":"<!-- This site is optimized with the Yoast SEO Premium plugin v27.4 (Yoast SEO v27.4) - https:\/\/yoast.com\/product\/yoast-seo-premium-wordpress\/ -->\n<title>pedido de gas\u00f3leoComprobaci\u00f3n del precio del cami\u00f3n - Carey&#039;s Oil<\/title>\n<meta name=\"description\" content=\"Pedir gas\u00f3leo a domicilio por tel\u00e9fono. Descuento.\" \/>\n<meta name=\"robots\" content=\"index, follow, max-snippet:-1, max-image-preview:large, max-video-preview:-1\" \/>\n<link rel=\"canonical\" href=\"https:\/\/careysoil.com\/es\/realizar-pedido-ahora-2\/\" \/>\n<meta property=\"og:locale\" content=\"es_ES\" \/>\n<meta property=\"og:type\" content=\"article\" \/>\n<meta property=\"og:title\" content=\"Comprobaci\u00f3n del precio del cami\u00f3n\" \/>\n<meta property=\"og:description\" content=\"Pedir gas\u00f3leo a domicilio por tel\u00e9fono. Descuento.\" \/>\n<meta property=\"og:url\" content=\"https:\/\/careysoil.com\/es\/realizar-pedido-ahora-2\/\" \/>\n<meta property=\"og:site_name\" content=\"Carey&#039;s Oil\" \/>\n<meta property=\"article:modified_time\" content=\"2025-12-15T23:15:45+00:00\" \/>\n<meta property=\"og:image\" content=\"https:\/\/careysoil.com\/wp-content\/uploads\/2024\/11\/CAREYS_OIL_LOGO-3.0sm.png\" \/>\n\t<meta property=\"og:image:width\" content=\"525\" \/>\n\t<meta property=\"og:image:height\" content=\"160\" \/>\n\t<meta property=\"og:image:type\" content=\"image\/png\" \/>\n<meta name=\"twitter:card\" content=\"summary_large_image\" \/>\n<script type=\"application\/ld+json\" class=\"yoast-schema-graph\">{\"@context\":\"https:\\\/\\\/schema.org\",\"@graph\":[{\"@type\":\"WebPage\",\"@id\":\"https:\\\/\\\/careysoil.com\\\/es\\\/realizar-pedido-ahora-2\\\/\",\"url\":\"https:\\\/\\\/careysoil.com\\\/es\\\/realizar-pedido-ahora-2\\\/\",\"name\":\"pedido de gas\u00f3leoComprobaci\u00f3n del precio del cami\u00f3n - Carey&#039;s Oil\",\"isPartOf\":{\"@id\":\"https:\\\/\\\/careysoil.com\\\/es\\\/#website\"},\"primaryImageOfPage\":{\"@id\":\"https:\\\/\\\/careysoil.com\\\/es\\\/realizar-pedido-ahora-2\\\/#primaryimage\"},\"image\":{\"@id\":\"https:\\\/\\\/careysoil.com\\\/es\\\/realizar-pedido-ahora-2\\\/#primaryimage\"},\"thumbnailUrl\":\"https:\\\/\\\/careysoil.com\\\/wp-content\\\/uploads\\\/2024\\\/11\\\/CAREYS_OIL_LOGO-3.0sm.png\",\"datePublished\":\"2025-10-16T19:43:29+00:00\",\"dateModified\":\"2025-12-15T23:15:45+00:00\",\"description\":\"Pedir gas\u00f3leo a domicilio por tel\u00e9fono. Descuento.\",\"breadcrumb\":{\"@id\":\"https:\\\/\\\/careysoil.com\\\/es\\\/realizar-pedido-ahora-2\\\/#breadcrumb\"},\"inLanguage\":\"es\",\"potentialAction\":[{\"@type\":\"ReadAction\",\"target\":[\"https:\\\/\\\/careysoil.com\\\/es\\\/realizar-pedido-ahora-2\\\/\"]}]},{\"@type\":\"ImageObject\",\"inLanguage\":\"es\",\"@id\":\"https:\\\/\\\/careysoil.com\\\/es\\\/realizar-pedido-ahora-2\\\/#primaryimage\",\"url\":\"https:\\\/\\\/careysoil.com\\\/wp-content\\\/uploads\\\/2024\\\/11\\\/CAREYS_OIL_LOGO-3.0sm.png\",\"contentUrl\":\"https:\\\/\\\/careysoil.com\\\/wp-content\\\/uploads\\\/2024\\\/11\\\/CAREYS_OIL_LOGO-3.0sm.png\"},{\"@type\":\"BreadcrumbList\",\"@id\":\"https:\\\/\\\/careysoil.com\\\/es\\\/realizar-pedido-ahora-2\\\/#breadcrumb\",\"itemListElement\":[{\"@type\":\"ListItem\",\"position\":1,\"name\":\"Home\",\"item\":\"https:\\\/\\\/careysoil.com\\\/es\\\/\"},{\"@type\":\"ListItem\",\"position\":2,\"name\":\"Comprobaci\u00f3n del precio del cami\u00f3n\"}]},{\"@type\":\"WebSite\",\"@id\":\"https:\\\/\\\/careysoil.com\\\/es\\\/#website\",\"url\":\"https:\\\/\\\/careysoil.com\\\/es\\\/\",\"name\":\"Carey&#039;s Oil\",\"description\":\"549 Bedford Street \u2022 Whitman\",\"publisher\":{\"@id\":\"https:\\\/\\\/careysoil.com\\\/es\\\/#organization\"},\"potentialAction\":[{\"@type\":\"SearchAction\",\"target\":{\"@type\":\"EntryPoint\",\"urlTemplate\":\"https:\\\/\\\/careysoil.com\\\/es\\\/?s={search_term_string}\"},\"query-input\":{\"@type\":\"PropertyValueSpecification\",\"valueRequired\":true,\"valueName\":\"search_term_string\"}}],\"inLanguage\":\"es\"},{\"@type\":\"Organization\",\"@id\":\"https:\\\/\\\/careysoil.com\\\/es\\\/#organization\",\"name\":\"Carey's Oil\",\"url\":\"https:\\\/\\\/careysoil.com\\\/es\\\/\",\"logo\":{\"@type\":\"ImageObject\",\"inLanguage\":\"es\",\"@id\":\"https:\\\/\\\/careysoil.com\\\/es\\\/#\\\/schema\\\/logo\\\/image\\\/\",\"url\":\"https:\\\/\\\/careysoil.com\\\/wp-content\\\/uploads\\\/2013\\\/11\\\/logo_new1.png\",\"contentUrl\":\"https:\\\/\\\/careysoil.com\\\/wp-content\\\/uploads\\\/2013\\\/11\\\/logo_new1.png\",\"width\":350,\"height\":110,\"caption\":\"Carey's Oil\"},\"image\":{\"@id\":\"https:\\\/\\\/careysoil.com\\\/es\\\/#\\\/schema\\\/logo\\\/image\\\/\"}}]}<\/script>\n<!-- \/ Yoast SEO Premium plugin. -->","yoast_head_json":{"title":"pedido de gas\u00f3leoComprobaci\u00f3n del precio del cami\u00f3n - Carey&#039;s Oil","description":"Pedir gas\u00f3leo a domicilio por tel\u00e9fono. Descuento.","robots":{"index":"index","follow":"follow","max-snippet":"max-snippet:-1","max-image-preview":"max-image-preview:large","max-video-preview":"max-video-preview:-1"},"canonical":"https:\/\/careysoil.com\/es\/realizar-pedido-ahora-2\/","og_locale":"es_ES","og_type":"article","og_title":"Comprobaci\u00f3n del precio del cami\u00f3n","og_description":"Pedir gas\u00f3leo a domicilio por tel\u00e9fono. Descuento.","og_url":"https:\/\/careysoil.com\/es\/realizar-pedido-ahora-2\/","og_site_name":"Carey&#039;s Oil","article_modified_time":"2025-12-15T23:15:45+00:00","og_image":[{"width":525,"height":160,"url":"https:\/\/careysoil.com\/wp-content\/uploads\/2024\/11\/CAREYS_OIL_LOGO-3.0sm.png","type":"image\/png"}],"twitter_card":"summary_large_image","schema":{"@context":"https:\/\/schema.org","@graph":[{"@type":"WebPage","@id":"https:\/\/careysoil.com\/es\/realizar-pedido-ahora-2\/","url":"https:\/\/careysoil.com\/es\/realizar-pedido-ahora-2\/","name":"pedido de gas\u00f3leoComprobaci\u00f3n del precio del cami\u00f3n - Carey&#039;s Oil","isPartOf":{"@id":"https:\/\/careysoil.com\/es\/#website"},"primaryImageOfPage":{"@id":"https:\/\/careysoil.com\/es\/realizar-pedido-ahora-2\/#primaryimage"},"image":{"@id":"https:\/\/careysoil.com\/es\/realizar-pedido-ahora-2\/#primaryimage"},"thumbnailUrl":"https:\/\/careysoil.com\/wp-content\/uploads\/2024\/11\/CAREYS_OIL_LOGO-3.0sm.png","datePublished":"2025-10-16T19:43:29+00:00","dateModified":"2025-12-15T23:15:45+00:00","description":"Pedir gas\u00f3leo a domicilio por tel\u00e9fono. Descuento.","breadcrumb":{"@id":"https:\/\/careysoil.com\/es\/realizar-pedido-ahora-2\/#breadcrumb"},"inLanguage":"es","potentialAction":[{"@type":"ReadAction","target":["https:\/\/careysoil.com\/es\/realizar-pedido-ahora-2\/"]}]},{"@type":"ImageObject","inLanguage":"es","@id":"https:\/\/careysoil.com\/es\/realizar-pedido-ahora-2\/#primaryimage","url":"https:\/\/careysoil.com\/wp-content\/uploads\/2024\/11\/CAREYS_OIL_LOGO-3.0sm.png","contentUrl":"https:\/\/careysoil.com\/wp-content\/uploads\/2024\/11\/CAREYS_OIL_LOGO-3.0sm.png"},{"@type":"BreadcrumbList","@id":"https:\/\/careysoil.com\/es\/realizar-pedido-ahora-2\/#breadcrumb","itemListElement":[{"@type":"ListItem","position":1,"name":"Home","item":"https:\/\/careysoil.com\/es\/"},{"@type":"ListItem","position":2,"name":"Comprobaci\u00f3n del precio del cami\u00f3n"}]},{"@type":"WebSite","@id":"https:\/\/careysoil.com\/es\/#website","url":"https:\/\/careysoil.com\/es\/","name":"Carey&#039;s Oil","description":"549 Bedford Street \u2022 Whitman","publisher":{"@id":"https:\/\/careysoil.com\/es\/#organization"},"potentialAction":[{"@type":"SearchAction","target":{"@type":"EntryPoint","urlTemplate":"https:\/\/careysoil.com\/es\/?s={search_term_string}"},"query-input":{"@type":"PropertyValueSpecification","valueRequired":true,"valueName":"search_term_string"}}],"inLanguage":"es"},{"@type":"Organization","@id":"https:\/\/careysoil.com\/es\/#organization","name":"Carey's Oil","url":"https:\/\/careysoil.com\/es\/","logo":{"@type":"ImageObject","inLanguage":"es","@id":"https:\/\/careysoil.com\/es\/#\/schema\/logo\/image\/","url":"https:\/\/careysoil.com\/wp-content\/uploads\/2013\/11\/logo_new1.png","contentUrl":"https:\/\/careysoil.com\/wp-content\/uploads\/2013\/11\/logo_new1.png","width":350,"height":110,"caption":"Carey's Oil"},"image":{"@id":"https:\/\/careysoil.com\/es\/#\/schema\/logo\/image\/"}}]}},"builder_content":"<h6 style=\"text-align: start;\">Elija ingl\u00e9s o espa\u00f1ol abajo<\/h6>\n<h6 style=\"text-align: start;\">\u00a1HOLA! Haga clic en el bot\u00f3n \"CAREYS\" para ver los precios de hoy. <br>Si le gustan nuestros precios, puede hacer clic en un formulario de pedido y realizar un pedido directamente desde su tel\u00e9fono u otro dispositivo.<\/h6>\n<h6 style=\"text-align: start;\">\u00a1HOLA! Haga clic en el bot\u00f3n \u201cCAREYS\u201d para ver los precios de hoy.<br data-start=\"216\" data-end=\"219\" data-is-only-node=\"\">Si le convencen nuestros precios, puede hacer clic en un formulario de pedido y realizar su pedido directamente desde su tel\u00e9fono u otro dispositivo.<\/h6>\n<a href=\"https:\/\/careysoil.com\"> <img src=\"https:\/\/careysoil.com\/wp-content\/uploads\/2024\/11\/CAREYS_OIL_LOGO-3.0sm.png\" title=\"CAREYS_OIL_LOGO-3.0sm\" alt=\"CAREYS_OIL_LOGO-3.0sm\" srcset=\"https:\/\/careysoil.com\/wp-content\/uploads\/2024\/11\/CAREYS_OIL_LOGO-3.0sm.png 525w, https:\/\/careysoil.com\/wp-content\/uploads\/2024\/11\/CAREYS_OIL_LOGO-3.0sm-300x91.png 300w, https:\/\/careysoil.com\/wp-content\/uploads\/2024\/11\/CAREYS_OIL_LOGO-3.0sm-308x93.png 308w\" sizes=\"(max-width: 525px) 100vw, 525px\" \/> <\/a>\n<a href=\"https:\/\/careysoil.com\"> <img src=\"https:\/\/careysoil.com\/wp-content\/uploads\/2025\/12\/usa-31021_640.png\" title=\"usa-31021_640\" alt=\"usa-31021_640\" srcset=\"https:\/\/careysoil.com\/wp-content\/uploads\/2025\/12\/usa-31021_640.png 640w, https:\/\/careysoil.com\/wp-content\/uploads\/2025\/12\/usa-31021_640-300x158.png 300w\" sizes=\"(max-width: 640px) 100vw, 640px\" \/> <\/a>\n<a href=\"https:\/\/careysoil.com\/es\/\"> <img src=\"https:\/\/careysoil.com\/wp-content\/uploads\/2024\/11\/CAREYS_OIL_LOGO-3.0sm.png\" title=\"CAREYS_OIL_LOGO-3.0sm\" alt=\"CAREYS_OIL_LOGO-3.0sm\" srcset=\"https:\/\/careysoil.com\/wp-content\/uploads\/2024\/11\/CAREYS_OIL_LOGO-3.0sm.png 525w, https:\/\/careysoil.com\/wp-content\/uploads\/2024\/11\/CAREYS_OIL_LOGO-3.0sm-300x91.png 300w, https:\/\/careysoil.com\/wp-content\/uploads\/2024\/11\/CAREYS_OIL_LOGO-3.0sm-308x93.png 308w\" sizes=\"(max-width: 525px) 100vw, 525px\" \/> <\/a>\n<a href=\"https:\/\/careysoil.com\/es\/\"> <img src=\"https:\/\/careysoil.com\/wp-content\/uploads\/2025\/12\/spain-2906824_640.png\" title=\"spain-2906824_640\" alt=\"spain-2906824_640\" srcset=\"https:\/\/careysoil.com\/wp-content\/uploads\/2025\/12\/spain-2906824_640.png 640w, https:\/\/careysoil.com\/wp-content\/uploads\/2025\/12\/spain-2906824_640-300x200.png 300w\" sizes=\"(max-width: 640px) 100vw, 640px\" \/> <\/a>","_links":{"self":[{"href":"https:\/\/careysoil.com\/es\/wp-json\/wp\/v2\/pages\/7873","targetHints":{"allow":["GET"]}}],"collection":[{"href":"https:\/\/careysoil.com\/es\/wp-json\/wp\/v2\/pages"}],"about":[{"href":"https:\/\/careysoil.com\/es\/wp-json\/wp\/v2\/types\/page"}],"author":[{"embeddable":true,"href":"https:\/\/careysoil.com\/es\/wp-json\/wp\/v2\/users\/3"}],"replies":[{"embeddable":true,"href":"https:\/\/careysoil.com\/es\/wp-json\/wp\/v2\/comments?post=7873"}],"version-history":[{"count":23,"href":"https:\/\/careysoil.com\/es\/wp-json\/wp\/v2\/pages\/7873\/revisions"}],"predecessor-version":[{"id":8034,"href":"https:\/\/careysoil.com\/es\/wp-json\/wp\/v2\/pages\/7873\/revisions\/8034"}],"wp:attachment":[{"href":"https:\/\/careysoil.com\/es\/wp-json\/wp\/v2\/media?parent=7873"}],"curies":[{"name":"wp","href":"https:\/\/api.w.org\/{rel}","templated":true}]}}