{"id":7708,"date":"2015-05-07T21:03:05","date_gmt":"2015-05-08T01:03:05","guid":{"rendered":"https:\/\/careysoil.com\/politica-de-derechos-de-autor-de-la-dmca\/"},"modified":"2025-09-29T07:19:25","modified_gmt":"2025-09-29T11:19:25","slug":"politica-de-derechos-de-autor-de-la-dmca","status":"publish","type":"page","link":"https:\/\/careysoil.com\/es\/politica-de-derechos-de-autor-de-la-dmca\/","title":{"rendered":"Pol\u00edtica de derechos de autor de la DMCA"},"content":{"rendered":"<h4>AVISO DE LA LEY DE DERECHOS DE AUTOR DIGITAL MILLENNIUM (\u201cDMCA\u201d)<\/h4>\n<p>Este aviso tiene fines informativos \u00fanicamente. No pretende ser, ni debe interpretarse como, asesoramiento legal. Si cree que sus derechos de propiedad intelectual han sido infringidos, o si se ha presentado un aviso de infracci\u00f3n en su contra, debe buscar asesoramiento legal de inmediato.  <\/p>\n<p>Este sitio web (consulte las Condiciones de uso de nuestro sitio web para obtener definiciones), incluidos todos los textos, HTML, scripts e im\u00e1genes, est\u00e1 protegido por derechos de autor y es propiedad de <strong>Carey&#8217;s Discount Oil<\/strong><b>,<\/b> Todos los derechos reservados.<\/p>\n<p>NINGUNA PARTE DE ESTE SITIO WEB PUEDE SER REPRODUCIDA O TRANSMITIDA DE NINGUNA FORMA NI POR NING\u00daN MEDIO, MEC\u00c1NICO, ELECTR\u00d3NICO O DE OTRO TIPO, INCLUYENDO LA FOTOCOPIA Y LA GRABACI\u00d3N, O POR NING\u00daN SISTEMA DE ALMACENAMIENTO Y RECUPERACI\u00d3N DE INFORMACI\u00d3N, O TRANSMITIDA POR CORREO ELECTR\u00d3NICO, O UTILIZADA DE CUALQUIER OTRA FORMA SIN EL PERMISO EXPRESO PREVIO POR ESCRITO DEL PROPIETARIO DEL SITIO WEB.<\/p>\n<p>Esto, por supuesto, excluye la descarga y el almacenamiento en cach\u00e9 temporal de este sitio web en un ordenador personal con el prop\u00f3sito expl\u00edcito de ver este sitio web, as\u00ed como cualquier informaci\u00f3n claramente marcada como reproducible. Este aviso de derechos de autor se aplica a todos, incluidos todos los visitantes de este sitio web. <\/p>\n<p><b>DISPOSICIONES DE LA DMCA<\/b><\/p>\n<p>La Ley de Derechos de Autor Digital Millennium de 1998, que se encuentra en 17 U.S.C. \u00a7 512 (\u201cDMCA\u201d), proporciona recursos para los propietarios de materiales protegidos por derechos de autor que creen que sus derechos bajo la ley de derechos de autor de los Estados Unidos han sido infringidos en Internet.<\/p>\n<p>Seg\u00fan la DMCA, el propietario de buena fe de materiales protegidos por derechos de autor que tenga la creencia de buena fe de que sus derechos de autor han sido infringidos puede ponerse en contacto no solo con la persona o entidad que infringe sus derechos de autor, sino que tambi\u00e9n puede ponerse en contacto con el agente designado de un proveedor de servicios de Internet para informar sobre presuntas infracciones de sus obras protegidas, cuando tales presuntas infracciones aparezcan en p\u00e1ginas contenidas dentro del sistema del proveedor de servicios de Internet (\u201cISP\u201d).<\/p>\n<p>El propietario de este sitio web y el ISP se comprometen a cumplir con la ley de comercio internacional, las pr\u00e1cticas de comercio internacional, todas las leyes de los Estados Unidos, incluida la ley de derechos de autor de los Estados Unidos. Al recibir una queja debidamente presentada bajo la DMCA, el propietario y\/o el ISP de este sitio web bloquear\u00e1n el acceso al material presuntamente infractor. El propietario del sitio web y\/o el ISP enviar\u00e1n una copia de la notificaci\u00f3n de infracci\u00f3n de derechos de autor reclamada al presunto infractor. Cualquier persona que crea de buena fe que se ha presentado injustamente una notificaci\u00f3n de infracci\u00f3n de derechos de autor en su contra, puede presentar una contranotificaci\u00f3n al propietario del sitio web y\/o al ISP.   <\/p>\n<p><b>NOTIFICACI\u00d3N DE INFRACCI\u00d3N DE DERECHOS DE AUTOR RECLAMADA<\/b><\/p>\n<p>Env\u00ede las notificaciones de la DMCA de infracci\u00f3n de derechos de autor reclamada a:<\/p>\n<p>EL PROPIETARIO DEL SITIO WEB<\/p>\n<p>Agente de derechos de autor<\/p>\n<p class=\"p1\">Carey\u2019s Discount Oil<br \/>549 Bedford St<br \/>Whitman MA 02382<br \/>EE. UU.<\/p>\n<p>EL PROVEEDOR DE SERVICIOS DE INTERNET (\u201cISP\u201d)<\/p>\n<p>Agente de derechos de autor<\/p>\n<p class=\"p1\">Carey\u2019s Discount Oil<br \/>68 Industrial Blvd.<br \/>Hanson, MA 02341<br \/>EE. UU.<\/p>\n<p>info [at] careysoil.com<\/p>\n<p>Para presentar un aviso de infracci\u00f3n ante el propietario del sitio web o el ISP, debe proporcionar una comunicaci\u00f3n escrita que establezca los elementos especificados a continuaci\u00f3n. Usted ser\u00e1 responsable de los da\u00f1os (incluidos los da\u00f1os, los costos y los honorarios de los abogados) si tergiversa materialmente que el sitio web o una p\u00e1gina web est\u00e1 infringiendo sus derechos de autor. En consecuencia, si no est\u00e1 seguro de si cierto material suyo est\u00e1 protegido por las leyes de derechos de autor, le sugerimos que primero se ponga en contacto con un abogado.  <\/p>\n<p>Para acelerar nuestra capacidad de procesar su solicitud, utilice el siguiente formato (incluidos los n\u00fameros de secci\u00f3n):<\/p>\n<p>1. Identifique con suficiente detalle la obra protegida por derechos de autor que cree que ha sido infringida.<\/p>\n<p>2. Identifique el material que afirma que est\u00e1 infringiendo la obra protegida por derechos de autor que se enumera en el punto n.\u00ba 1 anterior. (Debe incluir las URL (las ubicaciones de las p\u00e1ginas) que contienen el material presuntamente infractor y tambi\u00e9n incluir una descripci\u00f3n del contenido espec\u00edfico que afirma que est\u00e1 infringiendo sus derechos de autor). <\/p>\n<p>3. Proporcione informaci\u00f3n razonablemente suficiente para permitir que el propietario del sitio web se ponga en contacto con usted (se requiere una direcci\u00f3n de correo electr\u00f3nico y un n\u00famero de tel\u00e9fono como m\u00ednimo).<\/p>\n<p>4. Incluya la siguiente declaraci\u00f3n: \u201cJuro, bajo pena de perjurio, que la informaci\u00f3n en la notificaci\u00f3n es precisa y que soy el propietario de los derechos de autor o estoy autorizado a actuar en nombre del propietario de un derecho exclusivo que supuestamente se ha infringido. Tambi\u00e9n afirmo que, como propietario de los derechos de autor, creo de buena fe que el uso del material de la manera denunciada no est\u00e1 autorizado por m\u00ed, mi agente o la ley\u201d<\/p>\n<p>5. La firma del propietario de los derechos de autor o de una persona autorizada para actuar en nombre del propietario de los derechos de autor. Puede enviar su aviso por correo electr\u00f3nico siempre que dicho aviso incluya una firma electr\u00f3nica adecuada. La firma o la firma electr\u00f3nica debe ser la del propietario de los derechos de autor, o de una persona autorizada para actuar en nombre del propietario, de un derecho de autor exclusivo que supuestamente se ha infringido.  <\/p>\n<p>Para obtener detalles sobre la informaci\u00f3n requerida para una notificaci\u00f3n v\u00e1lida, consulte 17 U.S.C. \u00a7 512(c)(3).<\/p>\n<p><b>CONTRANOTIFICACI\u00d3N A LA INFRACCI\u00d3N DE DERECHOS DE AUTOR RECLAMADA<\/b><\/p>\n<p>Si se ha presentado un aviso de infracci\u00f3n de derechos de autor ante el propietario del sitio web y\/o el ISP en su contra, el propietario y\/o el ISP intentar\u00e1n notificarle y proporcionarle una copia del aviso de infracci\u00f3n de derechos de autor. Si cree de buena fe que ha sido acusado injustamente, puede presentar una contranotificaci\u00f3n ante el propietario del sitio web y\/o el ISP. Si el propietario del sitio web y\/o el ISP reciben una contranotificaci\u00f3n v\u00e1lida, la DMCA establece que la informaci\u00f3n eliminada o bloqueada se restablecer\u00e1 o se volver\u00e1 a habilitar el acceso.  <\/p>\n<p>El propietario del sitio web y\/o el ISP reemplazar\u00e1n el material eliminado y dejar\u00e1n de deshabilitar el acceso al mismo en no menos de 10 ni m\u00e1s de 14 d\u00edas h\u00e1biles despu\u00e9s de la recepci\u00f3n de la contranotificaci\u00f3n, a menos que el propietario del sitio web y\/o el ISP reciban primero un aviso de la parte reclamante de que dicha parte reclamante ha presentado una acci\u00f3n solicitando una orden judicial para impedir que el presunto infractor participe en actividades infractoras relacionadas con el material de este sitio web.<\/p>\n<p>Tenga en cuenta que la ley de derechos de autor de los Estados Unidos establece sanciones sustanciales por una contranotificaci\u00f3n falsa presentada en respuesta a un aviso de infracci\u00f3n de derechos de autor. En consecuencia, si no est\u00e1 seguro de si cierto material suyo est\u00e1 protegido por las leyes de derechos de autor, le sugerimos que primero se ponga en contacto con un abogado. <\/p>\n<p>Copyright \u00a9 2015 y con licencia para su uso por el propietario de este sitio web en info [at] careysoil.com. Todos los derechos reservados. Ninguna parte de este documento puede ser copiada o utilizada por nadie que no sea el licenciatario sin el permiso expreso por escrito del propietario de los derechos de autor.  <\/p>\n<!-- wp:themify-builder\/canvas \/-->","protected":false},"excerpt":{"rendered":"<p>AVISO DE LA LEY DE DERECHOS DE AUTOR DIGITAL MILLENNIUM (\u201cDMCA\u201d) Este aviso tiene fines informativos \u00fanicamente. No pretende ser, ni debe interpretarse como, asesoramiento legal. Si cree que sus derechos de propiedad intelectual han sido infringidos, o si se ha presentado un aviso de infracci\u00f3n en su contra, debe buscar asesoramiento legal de inmediato. [&hellip;]<\/p>\n","protected":false},"author":3,"featured_media":0,"parent":0,"menu_order":0,"comment_status":"closed","ping_status":"closed","template":"","meta":{"footnotes":""},"class_list":["post-7708","page","type-page","status-publish","hentry","has-post-title","has-post-date","has-post-category","has-post-tag","has-post-comment","has-post-author",""],"yoast_head":"<!-- This site is optimized with the Yoast SEO Premium plugin v27.4 (Yoast SEO v27.4) - https:\/\/yoast.com\/product\/yoast-seo-premium-wordpress\/ -->\n<title>Pol\u00edtica de derechos de autor de la DMCA - Carey&#039;s Oil<\/title>\n<meta name=\"robots\" content=\"index, follow, max-snippet:-1, max-image-preview:large, max-video-preview:-1\" \/>\n<link rel=\"canonical\" href=\"https:\/\/careysoil.com\/es\/politica-de-derechos-de-autor-de-la-dmca\/\" \/>\n<meta property=\"og:locale\" content=\"es_ES\" \/>\n<meta property=\"og:type\" content=\"article\" \/>\n<meta property=\"og:title\" content=\"Pol\u00edtica de derechos de autor de la DMCA\" \/>\n<meta property=\"og:description\" content=\"AVISO DE LA LEY DE DERECHOS DE AUTOR DIGITAL MILLENNIUM (\u201cDMCA\u201d) Este aviso tiene fines informativos \u00fanicamente. No pretende ser, ni debe interpretarse como, asesoramiento legal. Si cree que sus derechos de propiedad intelectual han sido infringidos, o si se ha presentado un aviso de infracci\u00f3n en su contra, debe buscar asesoramiento legal de inmediato. [&hellip;]\" \/>\n<meta property=\"og:url\" content=\"https:\/\/careysoil.com\/es\/politica-de-derechos-de-autor-de-la-dmca\/\" \/>\n<meta property=\"og:site_name\" content=\"Carey&#039;s Oil\" \/>\n<meta property=\"article:modified_time\" content=\"2025-09-29T11:19:25+00:00\" \/>\n<meta name=\"twitter:card\" content=\"summary_large_image\" \/>\n<meta name=\"twitter:label1\" content=\"Tiempo de lectura\" \/>\n\t<meta name=\"twitter:data1\" content=\"7 minutos\" \/>\n<script type=\"application\/ld+json\" class=\"yoast-schema-graph\">{\"@context\":\"https:\\\/\\\/schema.org\",\"@graph\":[{\"@type\":\"WebPage\",\"@id\":\"https:\\\/\\\/careysoil.com\\\/es\\\/politica-de-derechos-de-autor-de-la-dmca\\\/\",\"url\":\"https:\\\/\\\/careysoil.com\\\/es\\\/politica-de-derechos-de-autor-de-la-dmca\\\/\",\"name\":\"Pol\u00edtica de derechos de autor de la DMCA - Carey&#039;s Oil\",\"isPartOf\":{\"@id\":\"https:\\\/\\\/careysoil.com\\\/es\\\/#website\"},\"datePublished\":\"2015-05-08T01:03:05+00:00\",\"dateModified\":\"2025-09-29T11:19:25+00:00\",\"breadcrumb\":{\"@id\":\"https:\\\/\\\/careysoil.com\\\/es\\\/politica-de-derechos-de-autor-de-la-dmca\\\/#breadcrumb\"},\"inLanguage\":\"es\",\"potentialAction\":[{\"@type\":\"ReadAction\",\"target\":[\"https:\\\/\\\/careysoil.com\\\/es\\\/politica-de-derechos-de-autor-de-la-dmca\\\/\"]}]},{\"@type\":\"BreadcrumbList\",\"@id\":\"https:\\\/\\\/careysoil.com\\\/es\\\/politica-de-derechos-de-autor-de-la-dmca\\\/#breadcrumb\",\"itemListElement\":[{\"@type\":\"ListItem\",\"position\":1,\"name\":\"Home\",\"item\":\"https:\\\/\\\/careysoil.com\\\/es\\\/\"},{\"@type\":\"ListItem\",\"position\":2,\"name\":\"Pol\u00edtica de derechos de autor de la DMCA\"}]},{\"@type\":\"WebSite\",\"@id\":\"https:\\\/\\\/careysoil.com\\\/es\\\/#website\",\"url\":\"https:\\\/\\\/careysoil.com\\\/es\\\/\",\"name\":\"Carey&#039;s Oil\",\"description\":\"549 Bedford Street \u2022 Whitman\",\"publisher\":{\"@id\":\"https:\\\/\\\/careysoil.com\\\/es\\\/#organization\"},\"potentialAction\":[{\"@type\":\"SearchAction\",\"target\":{\"@type\":\"EntryPoint\",\"urlTemplate\":\"https:\\\/\\\/careysoil.com\\\/es\\\/?s={search_term_string}\"},\"query-input\":{\"@type\":\"PropertyValueSpecification\",\"valueRequired\":true,\"valueName\":\"search_term_string\"}}],\"inLanguage\":\"es\"},{\"@type\":\"Organization\",\"@id\":\"https:\\\/\\\/careysoil.com\\\/es\\\/#organization\",\"name\":\"Carey's Oil\",\"url\":\"https:\\\/\\\/careysoil.com\\\/es\\\/\",\"logo\":{\"@type\":\"ImageObject\",\"inLanguage\":\"es\",\"@id\":\"https:\\\/\\\/careysoil.com\\\/es\\\/#\\\/schema\\\/logo\\\/image\\\/\",\"url\":\"https:\\\/\\\/careysoil.com\\\/wp-content\\\/uploads\\\/2013\\\/11\\\/logo_new1.png\",\"contentUrl\":\"https:\\\/\\\/careysoil.com\\\/wp-content\\\/uploads\\\/2013\\\/11\\\/logo_new1.png\",\"width\":350,\"height\":110,\"caption\":\"Carey's Oil\"},\"image\":{\"@id\":\"https:\\\/\\\/careysoil.com\\\/es\\\/#\\\/schema\\\/logo\\\/image\\\/\"}}]}<\/script>\n<!-- \/ Yoast SEO Premium plugin. -->","yoast_head_json":{"title":"Pol\u00edtica de derechos de autor de la DMCA - Carey&#039;s Oil","robots":{"index":"index","follow":"follow","max-snippet":"max-snippet:-1","max-image-preview":"max-image-preview:large","max-video-preview":"max-video-preview:-1"},"canonical":"https:\/\/careysoil.com\/es\/politica-de-derechos-de-autor-de-la-dmca\/","og_locale":"es_ES","og_type":"article","og_title":"Pol\u00edtica de derechos de autor de la DMCA","og_description":"AVISO DE LA LEY DE DERECHOS DE AUTOR DIGITAL MILLENNIUM (\u201cDMCA\u201d) Este aviso tiene fines informativos \u00fanicamente. No pretende ser, ni debe interpretarse como, asesoramiento legal. Si cree que sus derechos de propiedad intelectual han sido infringidos, o si se ha presentado un aviso de infracci\u00f3n en su contra, debe buscar asesoramiento legal de inmediato. [&hellip;]","og_url":"https:\/\/careysoil.com\/es\/politica-de-derechos-de-autor-de-la-dmca\/","og_site_name":"Carey&#039;s Oil","article_modified_time":"2025-09-29T11:19:25+00:00","twitter_card":"summary_large_image","twitter_misc":{"Tiempo de lectura":"7 minutos"},"schema":{"@context":"https:\/\/schema.org","@graph":[{"@type":"WebPage","@id":"https:\/\/careysoil.com\/es\/politica-de-derechos-de-autor-de-la-dmca\/","url":"https:\/\/careysoil.com\/es\/politica-de-derechos-de-autor-de-la-dmca\/","name":"Pol\u00edtica de derechos de autor de la DMCA - Carey&#039;s Oil","isPartOf":{"@id":"https:\/\/careysoil.com\/es\/#website"},"datePublished":"2015-05-08T01:03:05+00:00","dateModified":"2025-09-29T11:19:25+00:00","breadcrumb":{"@id":"https:\/\/careysoil.com\/es\/politica-de-derechos-de-autor-de-la-dmca\/#breadcrumb"},"inLanguage":"es","potentialAction":[{"@type":"ReadAction","target":["https:\/\/careysoil.com\/es\/politica-de-derechos-de-autor-de-la-dmca\/"]}]},{"@type":"BreadcrumbList","@id":"https:\/\/careysoil.com\/es\/politica-de-derechos-de-autor-de-la-dmca\/#breadcrumb","itemListElement":[{"@type":"ListItem","position":1,"name":"Home","item":"https:\/\/careysoil.com\/es\/"},{"@type":"ListItem","position":2,"name":"Pol\u00edtica de derechos de autor de la DMCA"}]},{"@type":"WebSite","@id":"https:\/\/careysoil.com\/es\/#website","url":"https:\/\/careysoil.com\/es\/","name":"Carey&#039;s Oil","description":"549 Bedford Street \u2022 Whitman","publisher":{"@id":"https:\/\/careysoil.com\/es\/#organization"},"potentialAction":[{"@type":"SearchAction","target":{"@type":"EntryPoint","urlTemplate":"https:\/\/careysoil.com\/es\/?s={search_term_string}"},"query-input":{"@type":"PropertyValueSpecification","valueRequired":true,"valueName":"search_term_string"}}],"inLanguage":"es"},{"@type":"Organization","@id":"https:\/\/careysoil.com\/es\/#organization","name":"Carey's Oil","url":"https:\/\/careysoil.com\/es\/","logo":{"@type":"ImageObject","inLanguage":"es","@id":"https:\/\/careysoil.com\/es\/#\/schema\/logo\/image\/","url":"https:\/\/careysoil.com\/wp-content\/uploads\/2013\/11\/logo_new1.png","contentUrl":"https:\/\/careysoil.com\/wp-content\/uploads\/2013\/11\/logo_new1.png","width":350,"height":110,"caption":"Carey's Oil"},"image":{"@id":"https:\/\/careysoil.com\/es\/#\/schema\/logo\/image\/"}}]}},"builder_content":"","_links":{"self":[{"href":"https:\/\/careysoil.com\/es\/wp-json\/wp\/v2\/pages\/7708","targetHints":{"allow":["GET"]}}],"collection":[{"href":"https:\/\/careysoil.com\/es\/wp-json\/wp\/v2\/pages"}],"about":[{"href":"https:\/\/careysoil.com\/es\/wp-json\/wp\/v2\/types\/page"}],"author":[{"embeddable":true,"href":"https:\/\/careysoil.com\/es\/wp-json\/wp\/v2\/users\/3"}],"replies":[{"embeddable":true,"href":"https:\/\/careysoil.com\/es\/wp-json\/wp\/v2\/comments?post=7708"}],"version-history":[{"count":2,"href":"https:\/\/careysoil.com\/es\/wp-json\/wp\/v2\/pages\/7708\/revisions"}],"predecessor-version":[{"id":7711,"href":"https:\/\/careysoil.com\/es\/wp-json\/wp\/v2\/pages\/7708\/revisions\/7711"}],"wp:attachment":[{"href":"https:\/\/careysoil.com\/es\/wp-json\/wp\/v2\/media?parent=7708"}],"curies":[{"name":"wp","href":"https:\/\/api.w.org\/{rel}","templated":true}]}}