{"id":7699,"date":"2015-05-07T21:13:32","date_gmt":"2015-05-08T01:13:32","guid":{"rendered":"https:\/\/careysoil.com\/terminos-y-condiciones\/"},"modified":"2025-09-28T22:16:53","modified_gmt":"2025-09-29T02:16:53","slug":"terminos-y-condiciones","status":"publish","type":"page","link":"https:\/\/careysoil.com\/es\/terminos-y-condiciones\/","title":{"rendered":"T\u00e9rminos y condiciones"},"content":{"rendered":"<h4>T\u00c9RMINOS Y CONDICIONES DE USO<\/h4>\n<p>Gracias por visitar nuestro sitio web. Si desea utilizar careysoil.com, debe aceptar cumplir y estar legalmente sujeto a los t\u00e9rminos y condiciones que se describen a continuaci\u00f3n. <\/p>\n<h4><span style=\"color: #ff0000;\">SI NO EST\u00c1 DE ACUERDO CON ALGUNO DE ESTOS T\u00c9RMINOS O CONDICIONES, NO UTILICE NUESTRO SITIO WEB<\/span><\/h4>\n<p><b>MENORES DE EDAD<\/b><\/p>\n<p>No proporcionamos servicios ni vendemos productos a ni\u00f1os. Si tiene menos de 18 a\u00f1os, puede utilizar nuestro sitio web solo con el permiso y la participaci\u00f3n activa de un padre o tutor legal. Si es menor de edad, no nos proporcione a nosotros ni a otros visitantes del sitio web ninguna informaci\u00f3n personal.  <\/p>\n<p><b>LA POL\u00cdTICA DE PRIVACIDAD FORMA PARTE DE ESTOS T\u00c9RMINOS Y CONDICIONES<\/b><\/p>\n<p>Nuestra pol\u00edtica de privacidad forma parte de estos t\u00e9rminos y condiciones de uso y est\u00e1 sujeta a ellos. Puede consultar nuestra pol\u00edtica de privacidad en careysoil.com. <\/p>\n<p><b>LA POL\u00cdTICA ANTI-SPAM FORMA PARTE DE ESTOS T\u00c9RMINOS Y CONDICIONES<\/b><\/p>\n<p>Nuestra pol\u00edtica anti-Spam forma parte de estos t\u00e9rminos y condiciones de uso y est\u00e1 sujeta a ellos. Puede consultar nuestra pol\u00edtica anti-Spam en careysoil.com. <\/p>\n<p><b>LA POL\u00cdTICA DE DIVULGACI\u00d3N DE COMPENSACI\u00d3N, SI LA HUBIERA, FORMA PARTE DE ESTOS T\u00c9RMINOS Y CONDICIONES<\/b><\/p>\n<p>Si existe una Pol\u00edtica de Divulgaci\u00f3n de Compensaci\u00f3n en careysoil.com, la pol\u00edtica forma parte de estos t\u00e9rminos y condiciones de uso y est\u00e1 sujeta a ellos.<\/p>\n<p><b>MODIFICACIONES Y RESCISIONES<\/b><\/p>\n<p>Estos t\u00e9rminos y condiciones pueden cambiar de vez en cuando. Si se realizan dichos cambios, entrar\u00e1n en vigor de inmediato y le notificaremos mediante un aviso publicado en la p\u00e1gina de inicio de nuestro sitio web sobre los cambios que se hayan realizado. Si no est\u00e1 de acuerdo con los cambios que se han realizado, no debe utilizar nuestro sitio web.  <\/p>\n<p>Podemos rescindir estos t\u00e9rminos y condiciones de uso por cualquier motivo y en cualquier momento sin previo aviso.<\/p>\n<p>Si le preocupan estos t\u00e9rminos y condiciones de uso, debe leerlos cada vez antes de utilizar nuestro sitio web. Cualquier pregunta o inquietud debe dirigirse a nuestra atenci\u00f3n enviando un correo electr\u00f3nico a info [at] careysoil.com y proporcion\u00e1ndonos informaci\u00f3n relacionada con su inquietud. <\/p>\n<p><b>ESTATUS DE LICENCIATARIO<\/b><\/p>\n<p>Usted comprende y acepta que su uso de nuestro sitio web es limitado y no exclusivo como licenciatario revocable no transferible. Podemos rescindir su licencia para usar nuestro sitio web y el acceso a nuestro sitio web, por cualquier motivo y sin previo aviso. <\/p>\n<p><b>PROPIEDAD DEL CONTENIDO<\/b><\/p>\n<p>Todo el contenido de nuestro sitio web es propiedad nuestra o de nuestros proveedores de contenido. En nombre de nosotros mismos y de nuestros proveedores de contenido, reclamamos todos los derechos de propiedad, incluidos los derechos de propiedad intelectual, de este contenido y no se le permite infringir esos derechos. Enjuiciaremos con todo el rigor de la ley a cualquiera que intente robar nuestra propiedad.  <\/p>\n<p>Usted acepta no copiar contenido de nuestro sitio web sin nuestro permiso. Cualquier solicitud para utilizar nuestro contenido debe enviarse por correo electr\u00f3nico a info [at] careysoil.com. <\/p>\n<p>Si cree que sus derechos de propiedad intelectual han sido infringidos por el contenido de nuestro sitio web, notif\u00edquenoslo enviando un correo electr\u00f3nico a info [at] careysoil.com, o envi\u00e1ndonos un correo a la direcci\u00f3n que se indica a continuaci\u00f3n. Describa en detalle la supuesta infracci\u00f3n, incluido el fundamento f\u00e1ctico y jur\u00eddico de su reclamaci\u00f3n de propiedad. <\/p>\n<p><b>DESCARGOS DE RESPONSABILIDAD Y LIMITACIONES DE RESPONSABILIDAD<\/b><\/p>\n<p>La informaci\u00f3n de nuestro sitio web se proporciona \u00abtal cual\u00bb y \u00abseg\u00fan disponibilidad\u00bb. Usted acepta que su uso de nuestro sitio web es bajo su propio riesgo. Renunciamos a todas las garant\u00edas de cualquier tipo, incluidas, entre otras, las garant\u00edas expresas, las garant\u00edas legales y cualquier garant\u00eda impl\u00edcita de comerciabilidad, idoneidad para un prop\u00f3sito particular y no infracci\u00f3n. No garantizamos que nuestro sitio web est\u00e9 siempre disponible, que el acceso sea ininterrumpido, que est\u00e9 libre de errores, que cumpla con sus requisitos o que se corrijan los defectos de nuestro sitio web.   <\/p>\n<p>No se debe confiar necesariamente en la informaci\u00f3n de nuestro sitio web y no debe interpretarse como un asesoramiento profesional por nuestra parte. No garantizamos la exactitud o integridad de ninguna de las informaciones proporcionadas y no somos responsables de ninguna p\u00e9rdida resultante de su confianza en dicha informaci\u00f3n. <\/p>\n<p>Si su jurisdicci\u00f3n no permite limitaciones en las garant\u00edas, es posible que esta limitaci\u00f3n no se aplique a usted. Su \u00fanico y exclusivo recurso en relaci\u00f3n con su uso del sitio ser\u00e1 dejar de usar el sitio. <\/p>\n<p>En ninguna circunstancia seremos responsables de ning\u00fan da\u00f1o directo, indirecto, incidental, consecuente (incluidos los da\u00f1os por p\u00e9rdida de negocio, lucro cesante, litigios o similares), especial, ejemplar, punitivo o de otro tipo, bajo ninguna teor\u00eda legal, que surja de o est\u00e9 relacionado de alguna manera con nuestro sitio web, su uso del sitio web o el contenido, incluso si se le ha advertido de la posibilidad de tales da\u00f1os.<\/p>\n<p>Nuestra responsabilidad total por cualquier reclamaci\u00f3n que surja de o est\u00e9 relacionada con nuestro sitio web no exceder\u00e1 los cien (100) d\u00f3lares y esa cantidad sustituir\u00e1 a todos los dem\u00e1s recursos que pueda tener contra nosotros o nuestras filiales. Cualquier reclamaci\u00f3n de este tipo estar\u00e1 sujeta a un arbitraje vinculante confidencial como se describe m\u00e1s adelante en estos t\u00e9rminos y condiciones de uso. <\/p>\n<p><b>CONTENIDO OBSCENO Y OFENSIVO<\/b><\/p>\n<p>No somos responsables de ning\u00fan contenido obsceno u ofensivo que reciba o vea de otros mientras utiliza nuestro sitio web. Sin embargo, si recibe o ve dicho contenido, p\u00f3ngase en contacto con nosotros por correo electr\u00f3nico a info [at] careysoil.com para que podamos investigar el asunto. Aunque no estamos obligados a hacerlo, nos reservamos el derecho de supervisar, investigar y eliminar el material obsceno u ofensivo publicado en nuestro sitio web.  <\/p>\n<p><b>INDEMNIZACI\u00d3N<\/b><\/p>\n<p>Usted comprende y acepta que nos indemnizar\u00e1, defender\u00e1 y eximir\u00e1 de responsabilidad a nosotros y a nuestras filiales de cualquier responsabilidad, p\u00e9rdida, reclamaci\u00f3n y gasto, incluidos los honorarios razonables de abogados, que surjan de su uso de nuestro sitio web o de su violaci\u00f3n de estos t\u00e9rminos y condiciones.<\/p>\n<p><b>CUMPLIMIENTO DE LA LEY APLICABLE Y RESOLUCI\u00d3N DE DISPUTAS<\/b><\/p>\n<p>Usted acepta obedecer todas las leyes aplicables mientras utiliza nuestro sitio web.<\/p>\n<p>Usted acepta que las leyes de MA rigen estos t\u00e9rminos y condiciones de uso sin tener en cuenta las disposiciones sobre conflicto de leyes.<\/p>\n<p>Tambi\u00e9n acepta que cualquier disputa entre usted y nosotros, excluyendo cualquier reclamaci\u00f3n por infracci\u00f3n de derechos de propiedad intelectual que presentemos contra usted, se resolver\u00e1 \u00fanicamente mediante arbitraje vinculante confidencial seg\u00fan las normas de arbitraje comercial de la American Arbitration Association. Todas las reclamaciones deben arbitrarse de forma individual y no pueden consolidarse en ning\u00fan arbitraje con ninguna reclamaci\u00f3n o controversia de ninguna otra persona. Todo el arbitraje debe tener lugar en Plymouth, MA, EE. UU. Cada parte correr\u00e1 con la mitad de los honorarios y costes de arbitraje incurridos, y cada parte es responsable de sus propios honorarios de abogado.   <\/p>\n<p><b>DIVISIBILIDAD DE ESTOS T\u00c9RMINOS Y CONDICIONES<\/b><\/p>\n<p>Si un tribunal de jurisdicci\u00f3n competente determina que alguna parte de estos t\u00e9rminos y condiciones de uso es inv\u00e1lida o inaplicable, esa parte se limitar\u00e1 o eliminar\u00e1 en la medida m\u00ednima necesaria para que el resto de estos t\u00e9rminos y condiciones sean plenamente aplicables y legalmente vinculantes.<\/p>\n<p><b>C\u00d3MO PONERSE EN CONTACTO CON NOSOTROS<\/b><\/p>\n<p>Cualquier pregunta o inquietud sobre estos t\u00e9rminos y condiciones de uso debe dirigirse a nuestra atenci\u00f3n por correo electr\u00f3nico a info [at] careysoil.com, y proporcion\u00e1ndonos informaci\u00f3n relacionada con su inquietud.<\/p>\n<p>Tambi\u00e9n puede enviarnos sus inquietudes por correo a la siguiente direcci\u00f3n:<\/p>\n<p class=\"p1\">Carey\u2019s Discount Oil<br \/>549 Bedford St<br \/>Whitman MA 02382<br \/>USA<\/p>\n<p><b>ACUERDO COMPLETO<\/b><\/p>\n<p>Estos t\u00e9rminos y condiciones, incluidas las pol\u00edticas incorporadas aqu\u00ed por referencia expresa, constituyen su acuerdo completo con nosotros con respecto a su uso de nuestro sitio web.<\/p>\n<p>Estos T\u00e9rminos y condiciones de uso se actualizaron por \u00faltima vez el 5-10-2023.<\/p>\n<p>Copyright \u00a9 2023 y con licencia de uso por el propietario de este sitio web info [at] careysoil.com Todos los derechos reservados. Ninguna parte de este documento puede ser copiada o utilizada por nadie que no sea el licenciatario sin el permiso expreso por escrito del propietario de los derechos de autor. <\/p>\n<!-- wp:themify-builder\/canvas \/-->","protected":false},"excerpt":{"rendered":"<p>T\u00c9RMINOS Y CONDICIONES DE USO Gracias por visitar nuestro sitio web. Si desea utilizar careysoil.com, debe aceptar cumplir y estar legalmente sujeto a los t\u00e9rminos y condiciones que se describen a continuaci\u00f3n. SI NO EST\u00c1 DE ACUERDO CON ALGUNO DE ESTOS T\u00c9RMINOS O CONDICIONES, NO UTILICE NUESTRO SITIO WEB MENORES DE EDAD No proporcionamos servicios [&hellip;]<\/p>\n","protected":false},"author":3,"featured_media":0,"parent":0,"menu_order":0,"comment_status":"closed","ping_status":"closed","template":"","meta":{"footnotes":""},"class_list":["post-7699","page","type-page","status-publish","hentry","has-post-title","has-post-date","has-post-category","has-post-tag","has-post-comment","has-post-author",""],"yoast_head":"<!-- This site is optimized with the Yoast SEO Premium plugin v27.4 (Yoast SEO v27.5) - https:\/\/yoast.com\/product\/yoast-seo-premium-wordpress\/ -->\n<title>T\u00e9rminos y condiciones - Carey&#039;s Oil<\/title>\n<meta name=\"robots\" content=\"index, follow, max-snippet:-1, max-image-preview:large, max-video-preview:-1\" \/>\n<link rel=\"canonical\" href=\"https:\/\/careysoil.com\/es\/terminos-y-condiciones\/\" \/>\n<meta property=\"og:locale\" content=\"es_ES\" \/>\n<meta property=\"og:type\" content=\"article\" \/>\n<meta property=\"og:title\" content=\"T\u00e9rminos y condiciones\" \/>\n<meta property=\"og:description\" content=\"T\u00c9RMINOS Y CONDICIONES DE USO Gracias por visitar nuestro sitio web. Si desea utilizar careysoil.com, debe aceptar cumplir y estar legalmente sujeto a los t\u00e9rminos y condiciones que se describen a continuaci\u00f3n. SI NO EST\u00c1 DE ACUERDO CON ALGUNO DE ESTOS T\u00c9RMINOS O CONDICIONES, NO UTILICE NUESTRO SITIO WEB MENORES DE EDAD No proporcionamos servicios [&hellip;]\" \/>\n<meta property=\"og:url\" content=\"https:\/\/careysoil.com\/es\/terminos-y-condiciones\/\" \/>\n<meta property=\"og:site_name\" content=\"Carey&#039;s Oil\" \/>\n<meta property=\"article:modified_time\" content=\"2025-09-29T02:16:53+00:00\" \/>\n<meta name=\"twitter:card\" content=\"summary_large_image\" \/>\n<meta name=\"twitter:label1\" content=\"Tiempo de lectura\" \/>\n\t<meta name=\"twitter:data1\" content=\"7 minutos\" \/>\n<script type=\"application\/ld+json\" class=\"yoast-schema-graph\">{\"@context\":\"https:\\\/\\\/schema.org\",\"@graph\":[{\"@type\":\"WebPage\",\"@id\":\"https:\\\/\\\/careysoil.com\\\/es\\\/terminos-y-condiciones\\\/\",\"url\":\"https:\\\/\\\/careysoil.com\\\/es\\\/terminos-y-condiciones\\\/\",\"name\":\"T\u00e9rminos y condiciones - Carey&#039;s Oil\",\"isPartOf\":{\"@id\":\"https:\\\/\\\/careysoil.com\\\/es\\\/#website\"},\"datePublished\":\"2015-05-08T01:13:32+00:00\",\"dateModified\":\"2025-09-29T02:16:53+00:00\",\"breadcrumb\":{\"@id\":\"https:\\\/\\\/careysoil.com\\\/es\\\/terminos-y-condiciones\\\/#breadcrumb\"},\"inLanguage\":\"es\",\"potentialAction\":[{\"@type\":\"ReadAction\",\"target\":[\"https:\\\/\\\/careysoil.com\\\/es\\\/terminos-y-condiciones\\\/\"]}]},{\"@type\":\"BreadcrumbList\",\"@id\":\"https:\\\/\\\/careysoil.com\\\/es\\\/terminos-y-condiciones\\\/#breadcrumb\",\"itemListElement\":[{\"@type\":\"ListItem\",\"position\":1,\"name\":\"Home\",\"item\":\"https:\\\/\\\/careysoil.com\\\/es\\\/\"},{\"@type\":\"ListItem\",\"position\":2,\"name\":\"T\u00e9rminos y condiciones\"}]},{\"@type\":\"WebSite\",\"@id\":\"https:\\\/\\\/careysoil.com\\\/es\\\/#website\",\"url\":\"https:\\\/\\\/careysoil.com\\\/es\\\/\",\"name\":\"Carey&#039;s Oil\",\"description\":\"549 Bedford Street \u2022 Whitman\",\"publisher\":{\"@id\":\"https:\\\/\\\/careysoil.com\\\/es\\\/#organization\"},\"potentialAction\":[{\"@type\":\"SearchAction\",\"target\":{\"@type\":\"EntryPoint\",\"urlTemplate\":\"https:\\\/\\\/careysoil.com\\\/es\\\/?s={search_term_string}\"},\"query-input\":{\"@type\":\"PropertyValueSpecification\",\"valueRequired\":true,\"valueName\":\"search_term_string\"}}],\"inLanguage\":\"es\"},{\"@type\":\"Organization\",\"@id\":\"https:\\\/\\\/careysoil.com\\\/es\\\/#organization\",\"name\":\"Carey's Oil\",\"url\":\"https:\\\/\\\/careysoil.com\\\/es\\\/\",\"logo\":{\"@type\":\"ImageObject\",\"inLanguage\":\"es\",\"@id\":\"https:\\\/\\\/careysoil.com\\\/es\\\/#\\\/schema\\\/logo\\\/image\\\/\",\"url\":\"https:\\\/\\\/careysoil.com\\\/wp-content\\\/uploads\\\/2013\\\/11\\\/logo_new1.png\",\"contentUrl\":\"https:\\\/\\\/careysoil.com\\\/wp-content\\\/uploads\\\/2013\\\/11\\\/logo_new1.png\",\"width\":350,\"height\":110,\"caption\":\"Carey's Oil\"},\"image\":{\"@id\":\"https:\\\/\\\/careysoil.com\\\/es\\\/#\\\/schema\\\/logo\\\/image\\\/\"}}]}<\/script>\n<!-- \/ Yoast SEO Premium plugin. -->","yoast_head_json":{"title":"T\u00e9rminos y condiciones - Carey&#039;s Oil","robots":{"index":"index","follow":"follow","max-snippet":"max-snippet:-1","max-image-preview":"max-image-preview:large","max-video-preview":"max-video-preview:-1"},"canonical":"https:\/\/careysoil.com\/es\/terminos-y-condiciones\/","og_locale":"es_ES","og_type":"article","og_title":"T\u00e9rminos y condiciones","og_description":"T\u00c9RMINOS Y CONDICIONES DE USO Gracias por visitar nuestro sitio web. Si desea utilizar careysoil.com, debe aceptar cumplir y estar legalmente sujeto a los t\u00e9rminos y condiciones que se describen a continuaci\u00f3n. SI NO EST\u00c1 DE ACUERDO CON ALGUNO DE ESTOS T\u00c9RMINOS O CONDICIONES, NO UTILICE NUESTRO SITIO WEB MENORES DE EDAD No proporcionamos servicios [&hellip;]","og_url":"https:\/\/careysoil.com\/es\/terminos-y-condiciones\/","og_site_name":"Carey&#039;s Oil","article_modified_time":"2025-09-29T02:16:53+00:00","twitter_card":"summary_large_image","twitter_misc":{"Tiempo de lectura":"7 minutos"},"schema":{"@context":"https:\/\/schema.org","@graph":[{"@type":"WebPage","@id":"https:\/\/careysoil.com\/es\/terminos-y-condiciones\/","url":"https:\/\/careysoil.com\/es\/terminos-y-condiciones\/","name":"T\u00e9rminos y condiciones - Carey&#039;s Oil","isPartOf":{"@id":"https:\/\/careysoil.com\/es\/#website"},"datePublished":"2015-05-08T01:13:32+00:00","dateModified":"2025-09-29T02:16:53+00:00","breadcrumb":{"@id":"https:\/\/careysoil.com\/es\/terminos-y-condiciones\/#breadcrumb"},"inLanguage":"es","potentialAction":[{"@type":"ReadAction","target":["https:\/\/careysoil.com\/es\/terminos-y-condiciones\/"]}]},{"@type":"BreadcrumbList","@id":"https:\/\/careysoil.com\/es\/terminos-y-condiciones\/#breadcrumb","itemListElement":[{"@type":"ListItem","position":1,"name":"Home","item":"https:\/\/careysoil.com\/es\/"},{"@type":"ListItem","position":2,"name":"T\u00e9rminos y condiciones"}]},{"@type":"WebSite","@id":"https:\/\/careysoil.com\/es\/#website","url":"https:\/\/careysoil.com\/es\/","name":"Carey&#039;s Oil","description":"549 Bedford Street \u2022 Whitman","publisher":{"@id":"https:\/\/careysoil.com\/es\/#organization"},"potentialAction":[{"@type":"SearchAction","target":{"@type":"EntryPoint","urlTemplate":"https:\/\/careysoil.com\/es\/?s={search_term_string}"},"query-input":{"@type":"PropertyValueSpecification","valueRequired":true,"valueName":"search_term_string"}}],"inLanguage":"es"},{"@type":"Organization","@id":"https:\/\/careysoil.com\/es\/#organization","name":"Carey's Oil","url":"https:\/\/careysoil.com\/es\/","logo":{"@type":"ImageObject","inLanguage":"es","@id":"https:\/\/careysoil.com\/es\/#\/schema\/logo\/image\/","url":"https:\/\/careysoil.com\/wp-content\/uploads\/2013\/11\/logo_new1.png","contentUrl":"https:\/\/careysoil.com\/wp-content\/uploads\/2013\/11\/logo_new1.png","width":350,"height":110,"caption":"Carey's Oil"},"image":{"@id":"https:\/\/careysoil.com\/es\/#\/schema\/logo\/image\/"}}]}},"builder_content":"","_links":{"self":[{"href":"https:\/\/careysoil.com\/es\/wp-json\/wp\/v2\/pages\/7699","targetHints":{"allow":["GET"]}}],"collection":[{"href":"https:\/\/careysoil.com\/es\/wp-json\/wp\/v2\/pages"}],"about":[{"href":"https:\/\/careysoil.com\/es\/wp-json\/wp\/v2\/types\/page"}],"author":[{"embeddable":true,"href":"https:\/\/careysoil.com\/es\/wp-json\/wp\/v2\/users\/3"}],"replies":[{"embeddable":true,"href":"https:\/\/careysoil.com\/es\/wp-json\/wp\/v2\/comments?post=7699"}],"version-history":[{"count":2,"href":"https:\/\/careysoil.com\/es\/wp-json\/wp\/v2\/pages\/7699\/revisions"}],"predecessor-version":[{"id":7702,"href":"https:\/\/careysoil.com\/es\/wp-json\/wp\/v2\/pages\/7699\/revisions\/7702"}],"wp:attachment":[{"href":"https:\/\/careysoil.com\/es\/wp-json\/wp\/v2\/media?parent=7699"}],"curies":[{"name":"wp","href":"https:\/\/api.w.org\/{rel}","templated":true}]}}