{"id":7679,"date":"2015-05-07T20:59:45","date_gmt":"2015-05-08T00:59:45","guid":{"rendered":"https:\/\/careysoil.com\/politica-anti-spam\/"},"modified":"2025-09-28T22:16:26","modified_gmt":"2025-09-29T02:16:26","slug":"politica-anti-spam","status":"publish","type":"page","link":"https:\/\/careysoil.com\/es\/politica-anti-spam\/","title":{"rendered":"Pol\u00edtica anti-spam"},"content":{"rendered":"<p>Odiamos el correo electr\u00f3nico comercial no solicitado tanto como usted. Tambi\u00e9n conocido como spam o correo basura, es un perjuicio para la comunidad de Internet.<\/p>\n<p>Respaldamos y cumplimos plenamente con los requisitos de la Ley CAN-SPAM de 2003 (Ley de Control del Asalto de Pornograf\u00eda No Solicitada y Marketing) y todas las dem\u00e1s leyes aplicables sobre correo electr\u00f3nico comercial no solicitado.<\/p>\n<p>Si se suscribe a boletines electr\u00f3nicos u otras comunicaciones de nosotros o de nuestro sitio web, siempre tendr\u00e1 la opci\u00f3n de cancelar la suscripci\u00f3n de inmediato.<\/p>\n<p>Si tiene preguntas, comentarios o inquietudes adicionales, p\u00f3ngase en contacto con nosotros enviando un correo electr\u00f3nico a info [at] careysoil.com <span style=\"line-height: 1.5;\">y proporcion\u00e1ndonos informaci\u00f3n relacionada con su inquietud.<\/span><\/p>\n<p>Tambi\u00e9n puede enviarnos sus inquietudes por correo a la siguiente direcci\u00f3n:<\/p>\n<p class=\"p1\">Carey\u2019s Discount Oil<br \/>549 Bedford St<br \/>Whitman MA 02382<br \/>EE. UU.<\/p>\n<p>Tenga en cuenta que el contenido de esta p\u00e1gina puede cambiar sin previo aviso.<\/p>\n<p>Esta pol\u00edtica anti-spam se actualiz\u00f3 por \u00faltima vez el 10-05-2023.<\/p>\n<p>Copyright \u00a9 2023 y con licencia de uso para el propietario de este sitio web en info [at] careysoil.com. Todos los derechos reservados. Ninguna parte de este documento puede ser copiada o utilizada por nadie que no sea el licenciatario sin el permiso expreso por escrito del propietario de los derechos de autor.<\/p>\n<!-- wp:themify-builder\/canvas \/-->","protected":false},"excerpt":{"rendered":"<p>Odiamos el correo electr\u00f3nico comercial no solicitado tanto como usted. Tambi\u00e9n conocido como spam o correo basura, es un perjuicio para la comunidad de Internet. Respaldamos y cumplimos plenamente con los requisitos de la Ley CAN-SPAM de 2003 (Ley de Control del Asalto de Pornograf\u00eda No Solicitada y Marketing) y todas las dem\u00e1s leyes aplicables [&hellip;]<\/p>\n","protected":false},"author":3,"featured_media":0,"parent":0,"menu_order":0,"comment_status":"closed","ping_status":"closed","template":"","meta":{"footnotes":""},"class_list":["post-7679","page","type-page","status-publish","hentry","has-post-title","has-post-date","has-post-category","has-post-tag","has-post-comment","has-post-author",""],"yoast_head":"<!-- This site is optimized with the Yoast SEO Premium plugin v27.4 (Yoast SEO v27.5) - https:\/\/yoast.com\/product\/yoast-seo-premium-wordpress\/ -->\n<title>Pol\u00edtica anti-spam - Carey&#039;s Oil<\/title>\n<meta name=\"robots\" content=\"index, follow, max-snippet:-1, max-image-preview:large, max-video-preview:-1\" \/>\n<link rel=\"canonical\" href=\"https:\/\/careysoil.com\/es\/politica-anti-spam\/\" \/>\n<meta property=\"og:locale\" content=\"es_ES\" \/>\n<meta property=\"og:type\" content=\"article\" \/>\n<meta property=\"og:title\" content=\"Pol\u00edtica anti-spam\" \/>\n<meta property=\"og:description\" content=\"Odiamos el correo electr\u00f3nico comercial no solicitado tanto como usted. Tambi\u00e9n conocido como spam o correo basura, es un perjuicio para la comunidad de Internet. Respaldamos y cumplimos plenamente con los requisitos de la Ley CAN-SPAM de 2003 (Ley de Control del Asalto de Pornograf\u00eda No Solicitada y Marketing) y todas las dem\u00e1s leyes aplicables [&hellip;]\" \/>\n<meta property=\"og:url\" content=\"https:\/\/careysoil.com\/es\/politica-anti-spam\/\" \/>\n<meta property=\"og:site_name\" content=\"Carey&#039;s Oil\" \/>\n<meta property=\"article:modified_time\" content=\"2025-09-29T02:16:26+00:00\" \/>\n<meta name=\"twitter:card\" content=\"summary_large_image\" \/>\n<meta name=\"twitter:label1\" content=\"Tiempo de lectura\" \/>\n\t<meta name=\"twitter:data1\" content=\"1 minuto\" \/>\n<script type=\"application\/ld+json\" class=\"yoast-schema-graph\">{\"@context\":\"https:\\\/\\\/schema.org\",\"@graph\":[{\"@type\":\"WebPage\",\"@id\":\"https:\\\/\\\/careysoil.com\\\/es\\\/politica-anti-spam\\\/\",\"url\":\"https:\\\/\\\/careysoil.com\\\/es\\\/politica-anti-spam\\\/\",\"name\":\"Pol\u00edtica anti-spam - Carey&#039;s Oil\",\"isPartOf\":{\"@id\":\"https:\\\/\\\/careysoil.com\\\/es\\\/#website\"},\"datePublished\":\"2015-05-08T00:59:45+00:00\",\"dateModified\":\"2025-09-29T02:16:26+00:00\",\"breadcrumb\":{\"@id\":\"https:\\\/\\\/careysoil.com\\\/es\\\/politica-anti-spam\\\/#breadcrumb\"},\"inLanguage\":\"es\",\"potentialAction\":[{\"@type\":\"ReadAction\",\"target\":[\"https:\\\/\\\/careysoil.com\\\/es\\\/politica-anti-spam\\\/\"]}]},{\"@type\":\"BreadcrumbList\",\"@id\":\"https:\\\/\\\/careysoil.com\\\/es\\\/politica-anti-spam\\\/#breadcrumb\",\"itemListElement\":[{\"@type\":\"ListItem\",\"position\":1,\"name\":\"Home\",\"item\":\"https:\\\/\\\/careysoil.com\\\/es\\\/\"},{\"@type\":\"ListItem\",\"position\":2,\"name\":\"Pol\u00edtica anti-spam\"}]},{\"@type\":\"WebSite\",\"@id\":\"https:\\\/\\\/careysoil.com\\\/es\\\/#website\",\"url\":\"https:\\\/\\\/careysoil.com\\\/es\\\/\",\"name\":\"Carey&#039;s Oil\",\"description\":\"549 Bedford Street \u2022 Whitman\",\"publisher\":{\"@id\":\"https:\\\/\\\/careysoil.com\\\/es\\\/#organization\"},\"potentialAction\":[{\"@type\":\"SearchAction\",\"target\":{\"@type\":\"EntryPoint\",\"urlTemplate\":\"https:\\\/\\\/careysoil.com\\\/es\\\/?s={search_term_string}\"},\"query-input\":{\"@type\":\"PropertyValueSpecification\",\"valueRequired\":true,\"valueName\":\"search_term_string\"}}],\"inLanguage\":\"es\"},{\"@type\":\"Organization\",\"@id\":\"https:\\\/\\\/careysoil.com\\\/es\\\/#organization\",\"name\":\"Carey's Oil\",\"url\":\"https:\\\/\\\/careysoil.com\\\/es\\\/\",\"logo\":{\"@type\":\"ImageObject\",\"inLanguage\":\"es\",\"@id\":\"https:\\\/\\\/careysoil.com\\\/es\\\/#\\\/schema\\\/logo\\\/image\\\/\",\"url\":\"https:\\\/\\\/careysoil.com\\\/wp-content\\\/uploads\\\/2013\\\/11\\\/logo_new1.png\",\"contentUrl\":\"https:\\\/\\\/careysoil.com\\\/wp-content\\\/uploads\\\/2013\\\/11\\\/logo_new1.png\",\"width\":350,\"height\":110,\"caption\":\"Carey's Oil\"},\"image\":{\"@id\":\"https:\\\/\\\/careysoil.com\\\/es\\\/#\\\/schema\\\/logo\\\/image\\\/\"}}]}<\/script>\n<!-- \/ Yoast SEO Premium plugin. -->","yoast_head_json":{"title":"Pol\u00edtica anti-spam - Carey&#039;s Oil","robots":{"index":"index","follow":"follow","max-snippet":"max-snippet:-1","max-image-preview":"max-image-preview:large","max-video-preview":"max-video-preview:-1"},"canonical":"https:\/\/careysoil.com\/es\/politica-anti-spam\/","og_locale":"es_ES","og_type":"article","og_title":"Pol\u00edtica anti-spam","og_description":"Odiamos el correo electr\u00f3nico comercial no solicitado tanto como usted. Tambi\u00e9n conocido como spam o correo basura, es un perjuicio para la comunidad de Internet. Respaldamos y cumplimos plenamente con los requisitos de la Ley CAN-SPAM de 2003 (Ley de Control del Asalto de Pornograf\u00eda No Solicitada y Marketing) y todas las dem\u00e1s leyes aplicables [&hellip;]","og_url":"https:\/\/careysoil.com\/es\/politica-anti-spam\/","og_site_name":"Carey&#039;s Oil","article_modified_time":"2025-09-29T02:16:26+00:00","twitter_card":"summary_large_image","twitter_misc":{"Tiempo de lectura":"1 minuto"},"schema":{"@context":"https:\/\/schema.org","@graph":[{"@type":"WebPage","@id":"https:\/\/careysoil.com\/es\/politica-anti-spam\/","url":"https:\/\/careysoil.com\/es\/politica-anti-spam\/","name":"Pol\u00edtica anti-spam - Carey&#039;s Oil","isPartOf":{"@id":"https:\/\/careysoil.com\/es\/#website"},"datePublished":"2015-05-08T00:59:45+00:00","dateModified":"2025-09-29T02:16:26+00:00","breadcrumb":{"@id":"https:\/\/careysoil.com\/es\/politica-anti-spam\/#breadcrumb"},"inLanguage":"es","potentialAction":[{"@type":"ReadAction","target":["https:\/\/careysoil.com\/es\/politica-anti-spam\/"]}]},{"@type":"BreadcrumbList","@id":"https:\/\/careysoil.com\/es\/politica-anti-spam\/#breadcrumb","itemListElement":[{"@type":"ListItem","position":1,"name":"Home","item":"https:\/\/careysoil.com\/es\/"},{"@type":"ListItem","position":2,"name":"Pol\u00edtica anti-spam"}]},{"@type":"WebSite","@id":"https:\/\/careysoil.com\/es\/#website","url":"https:\/\/careysoil.com\/es\/","name":"Carey&#039;s Oil","description":"549 Bedford Street \u2022 Whitman","publisher":{"@id":"https:\/\/careysoil.com\/es\/#organization"},"potentialAction":[{"@type":"SearchAction","target":{"@type":"EntryPoint","urlTemplate":"https:\/\/careysoil.com\/es\/?s={search_term_string}"},"query-input":{"@type":"PropertyValueSpecification","valueRequired":true,"valueName":"search_term_string"}}],"inLanguage":"es"},{"@type":"Organization","@id":"https:\/\/careysoil.com\/es\/#organization","name":"Carey's Oil","url":"https:\/\/careysoil.com\/es\/","logo":{"@type":"ImageObject","inLanguage":"es","@id":"https:\/\/careysoil.com\/es\/#\/schema\/logo\/image\/","url":"https:\/\/careysoil.com\/wp-content\/uploads\/2013\/11\/logo_new1.png","contentUrl":"https:\/\/careysoil.com\/wp-content\/uploads\/2013\/11\/logo_new1.png","width":350,"height":110,"caption":"Carey's Oil"},"image":{"@id":"https:\/\/careysoil.com\/es\/#\/schema\/logo\/image\/"}}]}},"builder_content":"","_links":{"self":[{"href":"https:\/\/careysoil.com\/es\/wp-json\/wp\/v2\/pages\/7679","targetHints":{"allow":["GET"]}}],"collection":[{"href":"https:\/\/careysoil.com\/es\/wp-json\/wp\/v2\/pages"}],"about":[{"href":"https:\/\/careysoil.com\/es\/wp-json\/wp\/v2\/types\/page"}],"author":[{"embeddable":true,"href":"https:\/\/careysoil.com\/es\/wp-json\/wp\/v2\/users\/3"}],"replies":[{"embeddable":true,"href":"https:\/\/careysoil.com\/es\/wp-json\/wp\/v2\/comments?post=7679"}],"version-history":[{"count":2,"href":"https:\/\/careysoil.com\/es\/wp-json\/wp\/v2\/pages\/7679\/revisions"}],"predecessor-version":[{"id":7687,"href":"https:\/\/careysoil.com\/es\/wp-json\/wp\/v2\/pages\/7679\/revisions\/7687"}],"wp:attachment":[{"href":"https:\/\/careysoil.com\/es\/wp-json\/wp\/v2\/media?parent=7679"}],"curies":[{"name":"wp","href":"https:\/\/api.w.org\/{rel}","templated":true}]}}