{"id":7653,"date":"2022-08-15T19:23:55","date_gmt":"2022-08-15T23:23:55","guid":{"rendered":"https:\/\/careysoil.com\/calefaccion-de-gasoleo-plympton\/"},"modified":"2025-09-28T22:16:14","modified_gmt":"2025-09-29T02:16:14","slug":"calefaccion-de-gasoleo-plympton","status":"publish","type":"page","link":"https:\/\/careysoil.com\/es\/calefaccion-de-gasoleo-plympton\/","title":{"rendered":"Calefacci\u00f3n de gas\u00f3leo Plympton"},"content":{"rendered":"<!--themify_builder_content-->\n<div id=\"themify_builder_content-7653\" data-postid=\"7653\" class=\"themify_builder_content themify_builder_content-7653 themify_builder tf_clear\">\n                    <div  data-lazy=\"1\" class=\"module_row themify_builder_row tb_k2e1207 tb_first tf_w\">\n                        <div class=\"row_inner col_align_top tb_col_count_3 tf_box tf_rel\">\n                        <div  data-lazy=\"1\" class=\"module_column tb-column col3-1 tb_ecxa208 first\">\n                    <!-- module buttons -->\n<div  class=\"module module-buttons tb_qi05149 buttons-horizontal solid  large circle buttons-fullwidth\" data-lazy=\"1\">\n        <div class=\"module-buttons-item tf_in_flx\">\n                        <a href=\"https:\/\/careysoil.com\/test\" class=\"ui builder_button tf_in_flx transparent\" >\n                                                Precios de hoy                                        <\/a>\n                <\/div>\n            <\/div>\n<!-- \/module buttons -->\n        <\/div>\n                    <div  data-lazy=\"1\" class=\"module_column tb-column col3-1 tb_wh8k208\">\n                            <\/div>\n                    <div  data-lazy=\"1\" class=\"module_column tb-column col3-1 tb_alfu208 last\">\n                    <!-- module image -->\n<div  class=\"module module-image tb_1v78727 image-full-overlay rounded  tf_mw\" data-lazy=\"1\">\n        <div class=\"image-wrap tf_rel tf_mw\">\n            <img decoding=\"async\" src=\"https:\/\/careysoil.com\/test\/wp-content\/uploads\/2013\/09\/slide_1.png\" title=\"Calefacci\u00f3n de gas\u00f3leo Plympton\" alt=\"Calefacci\u00f3n de gas\u00f3leo Plympton\">    \n        <\/div>\n    <!-- \/image-wrap -->\n    \n        <\/div>\n<!-- \/module image -->        <\/div>\n                        <\/div>\n        <\/div>\n                        <div  data-lazy=\"1\" class=\"module_row themify_builder_row tb_d9ay441 tf_w\">\n                        <div class=\"row_inner col_align_top tb_col_count_1 tf_box tf_rel\">\n                        <div  data-lazy=\"1\" class=\"module_column tb-column col-full tb_jnni443 first\">\n                    <!-- module fancy heading -->\n<div  class=\"module module-fancy-heading tb_spkq704 \" data-lazy=\"1\">\n        <h1 class=\"fancy-heading\">\n    <span class=\"main-head tf_block\">\n                    Calefacci\u00f3n de gas\u00f3leo - Plympton            <\/span>\n\n    \n    <span class=\"sub-head tf_block tf_rel\">\n                    Gas\u00f3leo de calefacci\u00f3n con descuento            <\/span>\n    <\/h1>\n<\/div>\n<!-- \/module fancy heading -->\n<!-- module text -->\n<div  class=\"module module-text tb_gvjw640   \" data-lazy=\"1\">\n        <div  class=\"tb_text_wrap\">\n        <h3><span style=\"color: #ffffff\">Calefacci\u00f3n de gas\u00f3leo en Plympton, MA<\/span><\/h3>\n<h3><span style=\"color: #ffffff\">Carey&#8217;s Oil, Carey&#8217;s Discount Oil ha estado prestando servicio a los residentes de <\/span>Plympton durante m\u00e1s de 80 a\u00f1os. Plympton es un suburbio de Boston  <\/h3>\n<h3>Plympton fue colonizada por primera vez en 1662 por el reverendo Justin P. Daley como la parroquia occidental de Plymouth. Los terrenos de la ciudad original inclu\u00edan todo Carver, Kingston, Halifax y Plymouth Massachusetts<br>La ciudad se incorpor\u00f3 oficialmente en 1707 y recibi\u00f3 el nombre de Plympton Devon England. En 1734, la ciudad de Halifax se separ\u00f3 y se incorpor\u00f3, y Carver hizo lo mismo en 1790. Los l\u00edmites actuales de la ciudad se establecieron en 1862. Plympton es nuestro hogar y el gas\u00f3leo para calefacci\u00f3n para Halifax es nuestra historia.    <\/h3>\n<h3><span style=\"color: #ffffff\">La calefacci\u00f3n de gas\u00f3leo utiliza gas\u00f3leo #2 y es un producto que sigue teniendo una gran demanda debido a una poblaci\u00f3n creciente, la antig\u00fcedad de la ciudad y, por lo tanto, la antig\u00fcedad de los edificios, tanto comerciales como residenciales. Los sistemas de calefacci\u00f3n de gas\u00f3leo son mucho m\u00e1s eficientes que nunca y tienen una combusti\u00f3n excepcionalmente limpia, lo que permite que los quemadores y las calderas duren m\u00e1s que antes, cuando el holl\u00edn y el humo eran un subproducto aceptado del proceso de combusti\u00f3n. Gas\u00f3leo para calefacci\u00f3n   <\/span>Halifax y gas\u00f3leo para calefacci\u00f3n Halifax.<\/h3>\n<h3><span style=\"color: #ffffff\">HOY<\/span><\/h3>\n<h3>Halifax <span style=\"color: #ffffff\">alberga a aproximadamente 8.500 residentes repartidos en casi 3.000 hogares, lo que significa que hay muchos residentes de <\/span>Halifax que utilizan gas\u00f3leo y necesitan nuestro servicio r\u00e1pido con descuento. Suministro de gas\u00f3leo para necesidades comerciales y residenciales <\/h3>\n<h3><span style=\"color: #ffffff\">Debido a la antig\u00fcedad avanzada de estas viviendas y negocios comerciales, la necesidad inherente de actualizar a quemadores y calderas de alta eficiencia en estas comunidades es y seguir\u00e1 siendo un proceso continuo con gran demanda. <\/span><\/h3>\n<h3><span style=\"color: #ffffff\">La velocidad de crecimiento trajo una alta demanda tanto de gas\u00f3leo como de servicios en estas comunidades es y seguir\u00e1 siendo un proceso de desaf\u00edo continuo con alta demanda a medida que los edificios contin\u00faan envejeciendo.<\/span><\/h3>\n<h3><span style=\"color: #ffffff\">Otras ubicaciones<\/span><\/h3>\n<h3><span style=\"color: #ffffff\">Gas\u00f3leo Abington, Gas\u00f3leo con descuento Abington, Gas\u00f3leo Bridgewater, Gas\u00f3leo con descuento Bridgewater, Gas\u00f3leo Carver, Gas\u00f3leo con descuento Carver, Gas\u00f3leo Duxbury, Gas\u00f3leo con descuento Duxbury, Gas\u00f3leo East Bridgewater, Gas\u00f3leo Halifax, Gas\u00f3leo con descuento Halifax, Gas\u00f3leo Hanover, Gas\u00f3leo con descuento Hanover, Gas\u00f3leo Hanson, Gas\u00f3leo con descuento Hanson, Gas\u00f3leo Holbrook, Gas\u00f3leo con descuento Holbrook, Gas\u00f3leo Kingston, Gas\u00f3leo con descuento Kingston, Gas\u00f3leo Middleboro, Gas\u00f3leo con descuento Middleboro, Gas\u00f3leo Plympton, Gas\u00f3leo con descuento Plympton, Gas\u00f3leo Plymouth, Gas\u00f3leo con descuento Plymouth, Gas\u00f3leo Rockland, Gas\u00f3leo con descuento Rockland, Gas\u00f3leo Kingston, Gas\u00f3leo con descuento Kingston, Gas\u00f3leo Weymouth, Gas\u00f3leo con descuento Weymouth, Gas\u00f3leo Whitman, Gas\u00f3leo con descuento Whitman<\/span><\/h3>    <\/div>\n<\/div>\n<!-- \/module text -->        <\/div>\n                        <\/div>\n        <\/div>\n        <\/div>\n<!--\/themify_builder_content-->","protected":false},"excerpt":{"rendered":"<p>Precios de hoy Calefacci\u00f3n de gas\u00f3leo &#8211; PlymptonGas\u00f3leo de calefacci\u00f3n con descuento Calefacci\u00f3n de gas\u00f3leo en Plympton, MA Carey&#8217;s Oil, Carey&#8217;s Discount Oil ha estado prestando servicio a los residentes de Plympton durante m\u00e1s de 80 a\u00f1os. Plympton es un suburbio de Boston Plympton fue colonizada por primera vez en 1662 por el reverendo Justin [&hellip;]<\/p>\n","protected":false},"author":3,"featured_media":0,"parent":0,"menu_order":0,"comment_status":"closed","ping_status":"closed","template":"","meta":{"footnotes":""},"class_list":["post-7653","page","type-page","status-publish","hentry","has-post-title","has-post-date","has-post-category","has-post-tag","has-post-comment","has-post-author",""],"yoast_head":"<!-- This site is optimized with the Yoast SEO Premium plugin v27.5 (Yoast SEO v27.5) - https:\/\/yoast.com\/product\/yoast-seo-premium-wordpress\/ -->\n<title>Gas\u00f3leo HalifaxCalefacci\u00f3n de gas\u00f3leo Plympton - Carey&#039;s Oil<\/title>\n<meta name=\"description\" content=\"gas\u00f3leo cerca de m\u00ed gas\u00f3leo Halifax gas\u00f3leo para calefacci\u00f3n Halifax Gas\u00f3leo para calefacci\u00f3n cerca de m\u00ed Gas\u00f3leo para calefacci\u00f3n cerca de m\u00ed\" \/>\n<meta name=\"robots\" content=\"index, follow, max-snippet:-1, max-image-preview:large, max-video-preview:-1\" \/>\n<link rel=\"canonical\" href=\"https:\/\/careysoil.com\/es\/calefaccion-de-gasoleo-plympton\/\" \/>\n<meta property=\"og:locale\" content=\"es_ES\" \/>\n<meta property=\"og:type\" content=\"article\" \/>\n<meta property=\"og:title\" content=\"Calefacci\u00f3n de gas\u00f3leo Plympton\" \/>\n<meta property=\"og:description\" content=\"gas\u00f3leo cerca de m\u00ed gas\u00f3leo Halifax gas\u00f3leo para calefacci\u00f3n Halifax Gas\u00f3leo para calefacci\u00f3n cerca de m\u00ed Gas\u00f3leo para calefacci\u00f3n cerca de m\u00ed\" \/>\n<meta property=\"og:url\" content=\"https:\/\/careysoil.com\/es\/calefaccion-de-gasoleo-plympton\/\" \/>\n<meta property=\"og:site_name\" content=\"Carey&#039;s Oil\" \/>\n<meta property=\"article:modified_time\" content=\"2025-09-29T02:16:14+00:00\" \/>\n<meta property=\"og:image\" content=\"https:\/\/careysoil.com\/test\/wp-content\/uploads\/2013\/09\/slide_1.png\" \/>\n<meta name=\"twitter:card\" content=\"summary_large_image\" \/>\n<meta name=\"twitter:label1\" content=\"Tiempo de lectura\" \/>\n\t<meta name=\"twitter:data1\" content=\"2 minutos\" \/>\n<script type=\"application\/ld+json\" class=\"yoast-schema-graph\">{\"@context\":\"https:\\\/\\\/schema.org\",\"@graph\":[{\"@type\":\"WebPage\",\"@id\":\"https:\\\/\\\/careysoil.com\\\/es\\\/calefaccion-de-gasoleo-plympton\\\/\",\"url\":\"https:\\\/\\\/careysoil.com\\\/es\\\/calefaccion-de-gasoleo-plympton\\\/\",\"name\":\"Gas\u00f3leo HalifaxCalefacci\u00f3n de gas\u00f3leo Plympton - Carey&#039;s Oil\",\"isPartOf\":{\"@id\":\"https:\\\/\\\/careysoil.com\\\/es\\\/#website\"},\"primaryImageOfPage\":{\"@id\":\"https:\\\/\\\/careysoil.com\\\/es\\\/calefaccion-de-gasoleo-plympton\\\/#primaryimage\"},\"image\":{\"@id\":\"https:\\\/\\\/careysoil.com\\\/es\\\/calefaccion-de-gasoleo-plympton\\\/#primaryimage\"},\"thumbnailUrl\":\"https:\\\/\\\/careysoil.com\\\/test\\\/wp-content\\\/uploads\\\/2013\\\/09\\\/slide_1.png\",\"datePublished\":\"2022-08-15T23:23:55+00:00\",\"dateModified\":\"2025-09-29T02:16:14+00:00\",\"description\":\"gas\u00f3leo cerca de m\u00ed gas\u00f3leo Halifax gas\u00f3leo para calefacci\u00f3n Halifax Gas\u00f3leo para calefacci\u00f3n cerca de m\u00ed Gas\u00f3leo para calefacci\u00f3n cerca de m\u00ed\",\"breadcrumb\":{\"@id\":\"https:\\\/\\\/careysoil.com\\\/es\\\/calefaccion-de-gasoleo-plympton\\\/#breadcrumb\"},\"inLanguage\":\"es\",\"potentialAction\":[{\"@type\":\"ReadAction\",\"target\":[\"https:\\\/\\\/careysoil.com\\\/es\\\/calefaccion-de-gasoleo-plympton\\\/\"]}]},{\"@type\":\"ImageObject\",\"inLanguage\":\"es\",\"@id\":\"https:\\\/\\\/careysoil.com\\\/es\\\/calefaccion-de-gasoleo-plympton\\\/#primaryimage\",\"url\":\"https:\\\/\\\/careysoil.com\\\/test\\\/wp-content\\\/uploads\\\/2013\\\/09\\\/slide_1.png\",\"contentUrl\":\"https:\\\/\\\/careysoil.com\\\/test\\\/wp-content\\\/uploads\\\/2013\\\/09\\\/slide_1.png\"},{\"@type\":\"BreadcrumbList\",\"@id\":\"https:\\\/\\\/careysoil.com\\\/es\\\/calefaccion-de-gasoleo-plympton\\\/#breadcrumb\",\"itemListElement\":[{\"@type\":\"ListItem\",\"position\":1,\"name\":\"Home\",\"item\":\"https:\\\/\\\/careysoil.com\\\/es\\\/\"},{\"@type\":\"ListItem\",\"position\":2,\"name\":\"Calefacci\u00f3n de gas\u00f3leo Plympton\"}]},{\"@type\":\"WebSite\",\"@id\":\"https:\\\/\\\/careysoil.com\\\/es\\\/#website\",\"url\":\"https:\\\/\\\/careysoil.com\\\/es\\\/\",\"name\":\"Carey&#039;s Oil\",\"description\":\"549 Bedford Street \u2022 Whitman\",\"publisher\":{\"@id\":\"https:\\\/\\\/careysoil.com\\\/es\\\/#organization\"},\"potentialAction\":[{\"@type\":\"SearchAction\",\"target\":{\"@type\":\"EntryPoint\",\"urlTemplate\":\"https:\\\/\\\/careysoil.com\\\/es\\\/?s={search_term_string}\"},\"query-input\":{\"@type\":\"PropertyValueSpecification\",\"valueRequired\":true,\"valueName\":\"search_term_string\"}}],\"inLanguage\":\"es\"},{\"@type\":\"Organization\",\"@id\":\"https:\\\/\\\/careysoil.com\\\/es\\\/#organization\",\"name\":\"Carey's Oil\",\"url\":\"https:\\\/\\\/careysoil.com\\\/es\\\/\",\"logo\":{\"@type\":\"ImageObject\",\"inLanguage\":\"es\",\"@id\":\"https:\\\/\\\/careysoil.com\\\/es\\\/#\\\/schema\\\/logo\\\/image\\\/\",\"url\":\"https:\\\/\\\/careysoil.com\\\/wp-content\\\/uploads\\\/2013\\\/11\\\/logo_new1.png\",\"contentUrl\":\"https:\\\/\\\/careysoil.com\\\/wp-content\\\/uploads\\\/2013\\\/11\\\/logo_new1.png\",\"width\":350,\"height\":110,\"caption\":\"Carey's Oil\"},\"image\":{\"@id\":\"https:\\\/\\\/careysoil.com\\\/es\\\/#\\\/schema\\\/logo\\\/image\\\/\"}}]}<\/script>\n<!-- \/ Yoast SEO Premium plugin. -->","yoast_head_json":{"title":"Gas\u00f3leo HalifaxCalefacci\u00f3n de gas\u00f3leo Plympton - Carey&#039;s Oil","description":"gas\u00f3leo cerca de m\u00ed gas\u00f3leo Halifax gas\u00f3leo para calefacci\u00f3n Halifax Gas\u00f3leo para calefacci\u00f3n cerca de m\u00ed Gas\u00f3leo para calefacci\u00f3n cerca de m\u00ed","robots":{"index":"index","follow":"follow","max-snippet":"max-snippet:-1","max-image-preview":"max-image-preview:large","max-video-preview":"max-video-preview:-1"},"canonical":"https:\/\/careysoil.com\/es\/calefaccion-de-gasoleo-plympton\/","og_locale":"es_ES","og_type":"article","og_title":"Calefacci\u00f3n de gas\u00f3leo Plympton","og_description":"gas\u00f3leo cerca de m\u00ed gas\u00f3leo Halifax gas\u00f3leo para calefacci\u00f3n Halifax Gas\u00f3leo para calefacci\u00f3n cerca de m\u00ed Gas\u00f3leo para calefacci\u00f3n cerca de m\u00ed","og_url":"https:\/\/careysoil.com\/es\/calefaccion-de-gasoleo-plympton\/","og_site_name":"Carey&#039;s Oil","article_modified_time":"2025-09-29T02:16:14+00:00","og_image":[{"url":"https:\/\/careysoil.com\/test\/wp-content\/uploads\/2013\/09\/slide_1.png","type":"","width":"","height":""}],"twitter_card":"summary_large_image","twitter_misc":{"Tiempo de lectura":"2 minutos"},"schema":{"@context":"https:\/\/schema.org","@graph":[{"@type":"WebPage","@id":"https:\/\/careysoil.com\/es\/calefaccion-de-gasoleo-plympton\/","url":"https:\/\/careysoil.com\/es\/calefaccion-de-gasoleo-plympton\/","name":"Gas\u00f3leo HalifaxCalefacci\u00f3n de gas\u00f3leo Plympton - Carey&#039;s Oil","isPartOf":{"@id":"https:\/\/careysoil.com\/es\/#website"},"primaryImageOfPage":{"@id":"https:\/\/careysoil.com\/es\/calefaccion-de-gasoleo-plympton\/#primaryimage"},"image":{"@id":"https:\/\/careysoil.com\/es\/calefaccion-de-gasoleo-plympton\/#primaryimage"},"thumbnailUrl":"https:\/\/careysoil.com\/test\/wp-content\/uploads\/2013\/09\/slide_1.png","datePublished":"2022-08-15T23:23:55+00:00","dateModified":"2025-09-29T02:16:14+00:00","description":"gas\u00f3leo cerca de m\u00ed gas\u00f3leo Halifax gas\u00f3leo para calefacci\u00f3n Halifax Gas\u00f3leo para calefacci\u00f3n cerca de m\u00ed Gas\u00f3leo para calefacci\u00f3n cerca de m\u00ed","breadcrumb":{"@id":"https:\/\/careysoil.com\/es\/calefaccion-de-gasoleo-plympton\/#breadcrumb"},"inLanguage":"es","potentialAction":[{"@type":"ReadAction","target":["https:\/\/careysoil.com\/es\/calefaccion-de-gasoleo-plympton\/"]}]},{"@type":"ImageObject","inLanguage":"es","@id":"https:\/\/careysoil.com\/es\/calefaccion-de-gasoleo-plympton\/#primaryimage","url":"https:\/\/careysoil.com\/test\/wp-content\/uploads\/2013\/09\/slide_1.png","contentUrl":"https:\/\/careysoil.com\/test\/wp-content\/uploads\/2013\/09\/slide_1.png"},{"@type":"BreadcrumbList","@id":"https:\/\/careysoil.com\/es\/calefaccion-de-gasoleo-plympton\/#breadcrumb","itemListElement":[{"@type":"ListItem","position":1,"name":"Home","item":"https:\/\/careysoil.com\/es\/"},{"@type":"ListItem","position":2,"name":"Calefacci\u00f3n de gas\u00f3leo Plympton"}]},{"@type":"WebSite","@id":"https:\/\/careysoil.com\/es\/#website","url":"https:\/\/careysoil.com\/es\/","name":"Carey&#039;s Oil","description":"549 Bedford Street \u2022 Whitman","publisher":{"@id":"https:\/\/careysoil.com\/es\/#organization"},"potentialAction":[{"@type":"SearchAction","target":{"@type":"EntryPoint","urlTemplate":"https:\/\/careysoil.com\/es\/?s={search_term_string}"},"query-input":{"@type":"PropertyValueSpecification","valueRequired":true,"valueName":"search_term_string"}}],"inLanguage":"es"},{"@type":"Organization","@id":"https:\/\/careysoil.com\/es\/#organization","name":"Carey's Oil","url":"https:\/\/careysoil.com\/es\/","logo":{"@type":"ImageObject","inLanguage":"es","@id":"https:\/\/careysoil.com\/es\/#\/schema\/logo\/image\/","url":"https:\/\/careysoil.com\/wp-content\/uploads\/2013\/11\/logo_new1.png","contentUrl":"https:\/\/careysoil.com\/wp-content\/uploads\/2013\/11\/logo_new1.png","width":350,"height":110,"caption":"Carey's Oil"},"image":{"@id":"https:\/\/careysoil.com\/es\/#\/schema\/logo\/image\/"}}]}},"builder_content":"<a href=\"https:\/\/careysoil.com\/test\" > Precios de hoy <\/a>\n<img src=\"https:\/\/careysoil.com\/test\/wp-content\/uploads\/2013\/09\/slide_1.png\" title=\"Calefacci\u00f3n de gas\u00f3leo Plympton\" alt=\"Calefacci\u00f3n de gas\u00f3leo Plympton\">\n<h1>Calefacci\u00f3n de gas\u00f3leo - Plympton<br\/>Gas\u00f3leo de calefacci\u00f3n con descuento<\/h1>\n<h3>Calefacci\u00f3n de gas\u00f3leo en Plympton, MA<\/h3> <h3>Carey's Oil, Carey's Discount Oil ha estado prestando servicio a los residentes de Plympton durante m\u00e1s de 80 a\u00f1os. Plympton es un suburbio de Boston <\/h3> <h3>Plympton fue colonizada por primera vez en 1662 por el reverendo Justin P. Daley como la parroquia occidental de Plymouth. Los terrenos de la ciudad original inclu\u00edan todo Carver, Kingston, Halifax y Plymouth Massachusetts<br>La ciudad se incorpor\u00f3 oficialmente en 1707 y recibi\u00f3 el nombre de Plympton Devon England. En 1734, la ciudad de Halifax se separ\u00f3 y se incorpor\u00f3, y Carver hizo lo mismo en 1790. Los l\u00edmites actuales de la ciudad se establecieron en 1862. Plympton es nuestro hogar y el gas\u00f3leo para calefacci\u00f3n para Halifax es nuestra historia. <\/h3> <h3>La calefacci\u00f3n de gas\u00f3leo utiliza gas\u00f3leo #2 y es un producto que sigue teniendo una gran demanda debido a una poblaci\u00f3n creciente, la antig\u00fcedad de la ciudad y, por lo tanto, la antig\u00fcedad de los edificios, tanto comerciales como residenciales. Los sistemas de calefacci\u00f3n de gas\u00f3leo son mucho m\u00e1s eficientes que nunca y tienen una combusti\u00f3n excepcionalmente limpia, lo que permite que los quemadores y las calderas duren m\u00e1s que antes, cuando el holl\u00edn y el humo eran un subproducto aceptado del proceso de combusti\u00f3n. Gas\u00f3leo para calefacci\u00f3n Halifax y gas\u00f3leo para calefacci\u00f3n Halifax.<\/h3> <h3>HOY<\/h3> <h3>Halifax alberga a aproximadamente 8.500 residentes repartidos en casi 3.000 hogares, lo que significa que hay muchos residentes de Halifax que utilizan gas\u00f3leo y necesitan nuestro servicio r\u00e1pido con descuento. Suministro de gas\u00f3leo para necesidades comerciales y residenciales <\/h3> <h3>Debido a la antig\u00fcedad avanzada de estas viviendas y negocios comerciales, la necesidad inherente de actualizar a quemadores y calderas de alta eficiencia en estas comunidades es y seguir\u00e1 siendo un proceso continuo con gran demanda. <\/h3> <h3>La velocidad de crecimiento trajo una alta demanda tanto de gas\u00f3leo como de servicios en estas comunidades es y seguir\u00e1 siendo un proceso de desaf\u00edo continuo con alta demanda a medida que los edificios contin\u00faan envejeciendo.<\/h3> <h3>Otras ubicaciones<\/h3> <h3>Gas\u00f3leo Abington, Gas\u00f3leo con descuento Abington, Gas\u00f3leo Bridgewater, Gas\u00f3leo con descuento Bridgewater, Gas\u00f3leo Carver, Gas\u00f3leo con descuento Carver, Gas\u00f3leo Duxbury, Gas\u00f3leo con descuento Duxbury, Gas\u00f3leo East Bridgewater, Gas\u00f3leo Halifax, Gas\u00f3leo con descuento Halifax, Gas\u00f3leo Hanover, Gas\u00f3leo con descuento Hanover, Gas\u00f3leo Hanson, Gas\u00f3leo con descuento Hanson, Gas\u00f3leo Holbrook, Gas\u00f3leo con descuento Holbrook, Gas\u00f3leo Kingston, Gas\u00f3leo con descuento Kingston, Gas\u00f3leo Middleboro, Gas\u00f3leo con descuento Middleboro, Gas\u00f3leo Plympton, Gas\u00f3leo con descuento Plympton, Gas\u00f3leo Plymouth, Gas\u00f3leo con descuento Plymouth, Gas\u00f3leo Rockland, Gas\u00f3leo con descuento Rockland, Gas\u00f3leo Kingston, Gas\u00f3leo con descuento Kingston, Gas\u00f3leo Weymouth, Gas\u00f3leo con descuento Weymouth, Gas\u00f3leo Whitman, Gas\u00f3leo con descuento Whitman<\/h3>","_links":{"self":[{"href":"https:\/\/careysoil.com\/es\/wp-json\/wp\/v2\/pages\/7653","targetHints":{"allow":["GET"]}}],"collection":[{"href":"https:\/\/careysoil.com\/es\/wp-json\/wp\/v2\/pages"}],"about":[{"href":"https:\/\/careysoil.com\/es\/wp-json\/wp\/v2\/types\/page"}],"author":[{"embeddable":true,"href":"https:\/\/careysoil.com\/es\/wp-json\/wp\/v2\/users\/3"}],"replies":[{"embeddable":true,"href":"https:\/\/careysoil.com\/es\/wp-json\/wp\/v2\/comments?post=7653"}],"version-history":[{"count":2,"href":"https:\/\/careysoil.com\/es\/wp-json\/wp\/v2\/pages\/7653\/revisions"}],"predecessor-version":[{"id":7658,"href":"https:\/\/careysoil.com\/es\/wp-json\/wp\/v2\/pages\/7653\/revisions\/7658"}],"wp:attachment":[{"href":"https:\/\/careysoil.com\/es\/wp-json\/wp\/v2\/media?parent=7653"}],"curies":[{"name":"wp","href":"https:\/\/api.w.org\/{rel}","templated":true}]}}